{"id":551,"date":"2024-07-02T11:55:59","date_gmt":"2024-07-02T11:55:59","guid":{"rendered":"http:\/\/www.maaltijdservicezoetermeer.nl\/contact\/"},"modified":"2025-02-06T13:40:42","modified_gmt":"2025-02-06T13:40:42","slug":"contact","status":"publish","type":"page","link":"https:\/\/www.dekamerhiernaast.nl\/fr\/contact\/","title":{"rendered":"Contact"},"content":{"rendered":"\t\t<div data-elementor-type=\"wp-page\" data-elementor-id=\"551\" class=\"elementor elementor-551 elementor-359\" data-elementor-post-type=\"page\">\n\t\t\t\t\t\t<section class=\"elementor-section elementor-top-section elementor-element elementor-element-61b7ff7 elementor-section-height-min-height elementor-section-boxed elementor-section-height-default elementor-section-items-middle\" data-id=\"61b7ff7\" data-element_type=\"section\" data-e-type=\"section\" data-settings=\"{&quot;background_background&quot;:&quot;classic&quot;}\">\n\t\t\t\t\t\t<div class=\"elementor-container elementor-column-gap-no\">\n\t\t\t\t\t<div class=\"elementor-column elementor-col-100 elementor-top-column elementor-element elementor-element-e54896f\" data-id=\"e54896f\" data-element_type=\"column\" data-e-type=\"column\" data-settings=\"{&quot;background_background&quot;:&quot;classic&quot;}\">\n\t\t\t<div class=\"elementor-widget-wrap\">\n\t\t\t\t\t\t\t<\/div>\n\t\t<\/div>\n\t\t\t\t\t<\/div>\n\t\t<\/section>\n\t\t\t\t<section class=\"elementor-section elementor-top-section elementor-element elementor-element-c0e560b elementor-section-boxed elementor-section-height-default elementor-section-height-default\" data-id=\"c0e560b\" data-element_type=\"section\" data-e-type=\"section\" data-settings=\"{&quot;background_background&quot;:&quot;classic&quot;}\">\n\t\t\t\t\t\t\t<div class=\"elementor-background-overlay\"><\/div>\n\t\t\t\t\t\t\t<div class=\"elementor-container elementor-column-gap-default\">\n\t\t\t\t\t<div class=\"elementor-column elementor-col-100 elementor-top-column elementor-element elementor-element-1ba8c69\" data-id=\"1ba8c69\" data-element_type=\"column\" data-e-type=\"column\">\n\t\t\t<div class=\"elementor-widget-wrap elementor-element-populated\">\n\t\t\t\t\t\t<div class=\"elementor-element elementor-element-bb3fe84 elementor-widget-tablet__width-inherit elementor-widget-mobile__width-inherit elementor-widget elementor-widget-heading\" data-id=\"bb3fe84\" data-element_type=\"widget\" data-e-type=\"widget\" data-widget_type=\"heading.default\">\n\t\t\t\t<div class=\"elementor-widget-container\">\n\t\t\t\t\t<h2 class=\"elementor-heading-title elementor-size-default\">Bienvenue<\/h2>\t\t\t\t<\/div>\n\t\t\t\t<\/div>\n\t\t\t\t\t<\/div>\n\t\t<\/div>\n\t\t\t\t\t<\/div>\n\t\t<\/section>\n\t\t\t\t<section class=\"elementor-section elementor-top-section elementor-element elementor-element-78eb8aec elementor-section-full_width elementor-section-height-default elementor-section-height-default\" data-id=\"78eb8aec\" data-element_type=\"section\" data-e-type=\"section\" data-settings=\"{&quot;background_background&quot;:&quot;classic&quot;}\">\n\t\t\t\t\t\t<div class=\"elementor-container elementor-column-gap-default\">\n\t\t\t\t\t<div class=\"elementor-column elementor-col-100 elementor-top-column elementor-element elementor-element-44a98903\" data-id=\"44a98903\" data-element_type=\"column\" data-e-type=\"column\">\n\t\t\t<div class=\"elementor-widget-wrap elementor-element-populated\">\n\t\t\t\t\t\t<section class=\"elementor-section elementor-inner-section elementor-element elementor-element-e36124c elementor-reverse-tablet elementor-reverse-mobile elementor-section-boxed elementor-section-height-default elementor-section-height-default\" data-id=\"e36124c\" data-element_type=\"section\" data-e-type=\"section\">\n\t\t\t\t\t\t<div class=\"elementor-container elementor-column-gap-no\">\n\t\t\t\t\t<div class=\"elementor-column elementor-col-50 elementor-inner-column elementor-element elementor-element-6148ae6\" data-id=\"6148ae6\" data-element_type=\"column\" data-e-type=\"column\" data-settings=\"{&quot;background_background&quot;:&quot;classic&quot;}\">\n\t\t\t<div class=\"elementor-widget-wrap elementor-element-populated\">\n\t\t\t\t\t\t<div class=\"elementor-element elementor-element-1e10cb4f elementor-widget elementor-widget-image\" data-id=\"1e10cb4f\" data-element_type=\"widget\" data-e-type=\"widget\" data-widget_type=\"image.default\">\n\t\t\t\t<div class=\"elementor-widget-container\">\n\t\t\t\t\t\t\t\t\t\t\t\t\t\t\t<img fetchpriority=\"high\" decoding=\"async\" width=\"605\" height=\"806\" src=\"https:\/\/www.dekamerhiernaast.nl\/wp-content\/uploads\/2024\/09\/de_Kamer_hiernaast_sfeer_groot_05-605x806.jpg\" class=\"attachment-th_img_md_portrait size-th_img_md_portrait wp-image-630\" alt=\"\" \/>\t\t\t\t\t\t\t\t\t\t\t\t\t\t\t<\/div>\n\t\t\t\t<\/div>\n\t\t\t\t\t<\/div>\n\t\t<\/div>\n\t\t\t\t<div class=\"elementor-column elementor-col-50 elementor-inner-column elementor-element elementor-element-596503b\" data-id=\"596503b\" data-element_type=\"column\" data-e-type=\"column\">\n\t\t\t<div class=\"elementor-widget-wrap elementor-element-populated\">\n\t\t\t\t\t\t<div class=\"elementor-element elementor-element-183c674 elementor-widget elementor-widget-heading\" data-id=\"183c674\" data-element_type=\"widget\" data-e-type=\"widget\" data-widget_type=\"heading.default\">\n\t\t\t\t<div class=\"elementor-widget-container\">\n\t\t\t\t\t<h2 class=\"elementor-heading-title elementor-size-default\">DE KAMER HIERNAAST <\/h2>\t\t\t\t<\/div>\n\t\t\t\t<\/div>\n\t\t\t\t<div class=\"elementor-element elementor-element-3f84c249 elementor-widget elementor-widget-text-editor\" data-id=\"3f84c249\" data-element_type=\"widget\" data-e-type=\"widget\" data-widget_type=\"text-editor.default\">\n\t\t\t\t<div class=\"elementor-widget-container\">\n\t\t\t\t\t\t\t\t\t<p>Komijnsteeg 1, 2801 NN Gouda\u2028<br>Pays Bas<br>T\u00e9l\u00e9phone 0031(0)182-582855\u2028<br>Mobile 0031(0)6-22803731\u2028<br><a href=\"mailto:info@dekamerhiernaast.nl\">info@dekamerhiernaast.nl<\/a><br>Arnoud Leemhuis &amp; Sandra van der Poel<\/p>\n<p style=\"font-weight: 400;\"><em>N&rsquo;h\u00e9sitez pas \u00e0 nous appeler ou \u00e0 nous envoyer un courriel pour plus d&rsquo;informations.<\/em><\/p>\t\t\t\t\t\t\t\t<\/div>\n\t\t\t\t<\/div>\n\t\t\t\t\t<\/div>\n\t\t<\/div>\n\t\t\t\t\t<\/div>\n\t\t<\/section>\n\t\t\t\t\t<\/div>\n\t\t<\/div>\n\t\t\t\t\t<\/div>\n\t\t<\/section>\n\t\t\t\t<section class=\"elementor-section elementor-top-section elementor-element elementor-element-21d0a1a7 elementor-section-boxed elementor-section-height-default elementor-section-height-default\" data-id=\"21d0a1a7\" data-element_type=\"section\" data-e-type=\"section\" data-settings=\"{&quot;background_background&quot;:&quot;classic&quot;}\">\n\t\t\t\t\t\t<div class=\"elementor-container elementor-column-gap-no\">\n\t\t\t\t\t<div class=\"elementor-column elementor-col-100 elementor-top-column elementor-element elementor-element-2356be9\" data-id=\"2356be9\" data-element_type=\"column\" data-e-type=\"column\">\n\t\t\t<div class=\"elementor-widget-wrap elementor-element-populated\">\n\t\t\t\t\t\t<div class=\"elementor-element elementor-element-fd18dcb elementor-widget elementor-widget-text-editor\" data-id=\"fd18dcb\" data-element_type=\"widget\" data-e-type=\"widget\" data-widget_type=\"text-editor.default\">\n\t\t\t\t<div class=\"elementor-widget-container\">\n\t\t\t\t\t\t\t\t\t<p>Toutes nos r\u00e9servations sont soumises \u00e0 nos conditions g\u00e9n\u00e9rales. Vous pouvez <span style=\"text-decoration: underline;\"><a href=\"https:\/\/www.dekamerhiernaast.nl\/wp-content\/uploads\/2025\/02\/AlgemenevoorwaardenDeKamerHiernaast.pdf\">t\u00e9l\u00e9charger ici<\/a><\/span>.<\/p>\n\t\t\t\t\t\t\t\t<\/div>\n\t\t\t\t<\/div>\n\t\t\t\t<div class=\"elementor-element elementor-element-e81c43f elementor-widget elementor-widget-google_maps\" data-id=\"e81c43f\" data-element_type=\"widget\" data-e-type=\"widget\" data-widget_type=\"google_maps.default\">\n\t\t\t\t<div class=\"elementor-widget-container\">\n\t\t\t\t\t\t\t<div class=\"elementor-custom-embed\">\n\t\t\t<iframe loading=\"lazy\"\n\t\t\t\t\tsrc=\"https:\/\/maps.google.com\/maps?q=Komijnsteeg%201%2C%202801%20NN%20Gouda%E2%80%A8&#038;t=m&#038;z=17&#038;output=embed&#038;iwloc=near\"\n\t\t\t\t\ttitle=\"Komijnsteeg 1, 2801 NN Gouda\u2028\"\n\t\t\t\t\taria-label=\"Komijnsteeg 1, 2801 NN Gouda\u2028\"\n\t\t\t><\/iframe>\n\t\t<\/div>\n\t\t\t\t\t\t<\/div>\n\t\t\t\t<\/div>\n\t\t\t\t\t<\/div>\n\t\t<\/div>\n\t\t\t\t\t<\/div>\n\t\t<\/section>\n\t\t\t\t<section class=\"elementor-section elementor-top-section elementor-element elementor-element-6ac086a elementor-section-boxed elementor-section-height-default elementor-section-height-default\" data-id=\"6ac086a\" data-element_type=\"section\" data-e-type=\"section\">\n\t\t\t\t\t\t<div class=\"elementor-container elementor-column-gap-default\">\n\t\t\t\t\t<div class=\"elementor-column elementor-col-100 elementor-top-column elementor-element elementor-element-9ee0136\" data-id=\"9ee0136\" data-element_type=\"column\" data-e-type=\"column\">\n\t\t\t<div class=\"elementor-widget-wrap elementor-element-populated\">\n\t\t\t\t\t\t<div class=\"elementor-element elementor-element-50512e7 elementor-widget elementor-widget-spacer\" data-id=\"50512e7\" data-element_type=\"widget\" data-e-type=\"widget\" data-widget_type=\"spacer.default\">\n\t\t\t\t<div class=\"elementor-widget-container\">\n\t\t\t\t\t\t\t<div class=\"elementor-spacer\">\n\t\t\t<div class=\"elementor-spacer-inner\"><\/div>\n\t\t<\/div>\n\t\t\t\t\t\t<\/div>\n\t\t\t\t<\/div>\n\t\t\t\t\t<\/div>\n\t\t<\/div>\n\t\t\t\t\t<\/div>\n\t\t<\/section>\n\t\t\t\t<section class=\"elementor-section elementor-top-section elementor-element elementor-element-0e8b4b6 elementor-section-boxed elementor-section-height-default elementor-section-height-default\" data-id=\"0e8b4b6\" data-element_type=\"section\" data-e-type=\"section\">\n\t\t\t\t\t\t<div class=\"elementor-container elementor-column-gap-default\">\n\t\t\t\t\t<div class=\"elementor-column elementor-col-100 elementor-top-column elementor-element elementor-element-ac8f982\" data-id=\"ac8f982\" data-element_type=\"column\" data-e-type=\"column\">\n\t\t\t<div class=\"elementor-widget-wrap\">\n\t\t\t\t\t\t\t<\/div>\n\t\t<\/div>\n\t\t\t\t\t<\/div>\n\t\t<\/section>\n\t\t\t\t<\/div>\n\t\t","protected":false},"excerpt":{"rendered":"<p>Bienvenue DE KAMER HIERNAAST Komijnsteeg 1, 2801 NN Gouda\u2028Pays BasT\u00e9l\u00e9phone 0031(0)182-582855\u2028Mobile 0031(0)6-22803731\u2028info@dekamerhiernaast.nlArnoud Leemhuis &amp; Sandra van der Poel N&rsquo;h\u00e9sitez pas \u00e0 nous appeler ou \u00e0 nous envoyer un courriel pour plus d&rsquo;informations. Toutes nos r\u00e9servations sont soumises \u00e0 nos conditions &hellip; <a href=\"https:\/\/www.dekamerhiernaast.nl\/fr\/contact\/\">Read More<\/a><\/p>\n","protected":false},"author":3635,"featured_media":0,"parent":0,"menu_order":8,"comment_status":"closed","ping_status":"closed","template":"","meta":{"footnotes":""},"class_list":["post-551","page","type-page","status-publish","hentry"],"yoast_head":"<!-- This site is optimized with the Yoast SEO plugin v27.3 - https:\/\/yoast.com\/product\/yoast-seo-wordpress\/ -->\n<title>Contact - b&amp;b de Kamer hiernaast<\/title>\n<meta name=\"robots\" content=\"index, follow, max-snippet:-1, max-image-preview:large, max-video-preview:-1\" \/>\n<link rel=\"canonical\" href=\"https:\/\/www.dekamerhiernaast.nl\/fr\/contact\/\" \/>\n<meta property=\"og:locale\" content=\"fr_FR\" \/>\n<meta property=\"og:type\" content=\"article\" \/>\n<meta property=\"og:title\" content=\"Contact - b&amp;b de Kamer hiernaast\" \/>\n<meta property=\"og:description\" content=\"Bienvenue DE KAMER HIERNAAST Komijnsteeg 1, 2801 NN Gouda\u2028Pays BasT\u00e9l\u00e9phone 0031(0)182-582855\u2028Mobile 0031(0)6-22803731\u2028info@dekamerhiernaast.nlArnoud Leemhuis &amp; Sandra van der Poel N&rsquo;h\u00e9sitez pas \u00e0 nous appeler ou \u00e0 nous envoyer un courriel pour plus d&rsquo;informations. Toutes nos r\u00e9servations sont soumises \u00e0 nos conditions &hellip; Read More\" \/>\n<meta property=\"og:url\" content=\"https:\/\/www.dekamerhiernaast.nl\/fr\/contact\/\" \/>\n<meta property=\"og:site_name\" content=\"b&amp;b de Kamer hiernaast\" \/>\n<meta property=\"article:modified_time\" content=\"2025-02-06T13:40:42+00:00\" \/>\n<meta property=\"og:image\" content=\"https:\/\/www.dekamerhiernaast.nl\/wp-content\/uploads\/2024\/09\/de_Kamer_hiernaast_sfeer_groot_05.jpg\" \/>\n\t<meta property=\"og:image:width\" content=\"1048\" \/>\n\t<meta property=\"og:image:height\" content=\"1188\" \/>\n\t<meta property=\"og:image:type\" content=\"image\/jpeg\" \/>\n<meta name=\"twitter:card\" content=\"summary_large_image\" \/>\n<script type=\"application\/ld+json\" class=\"yoast-schema-graph\">{\"@context\":\"https:\\\/\\\/schema.org\",\"@graph\":[{\"@type\":\"WebPage\",\"@id\":\"https:\\\/\\\/www.dekamerhiernaast.nl\\\/fr\\\/contact\\\/\",\"url\":\"https:\\\/\\\/www.dekamerhiernaast.nl\\\/fr\\\/contact\\\/\",\"name\":\"Contact - b&amp;b de Kamer hiernaast\",\"isPartOf\":{\"@id\":\"https:\\\/\\\/www.dekamerhiernaast.nl\\\/fr\\\/#website\"},\"primaryImageOfPage\":{\"@id\":\"https:\\\/\\\/www.dekamerhiernaast.nl\\\/fr\\\/contact\\\/#primaryimage\"},\"image\":{\"@id\":\"https:\\\/\\\/www.dekamerhiernaast.nl\\\/fr\\\/contact\\\/#primaryimage\"},\"thumbnailUrl\":\"https:\\\/\\\/www.dekamerhiernaast.nl\\\/wp-content\\\/uploads\\\/2024\\\/09\\\/de_Kamer_hiernaast_sfeer_groot_05-605x806.jpg\",\"datePublished\":\"2024-07-02T11:55:59+00:00\",\"dateModified\":\"2025-02-06T13:40:42+00:00\",\"breadcrumb\":{\"@id\":\"https:\\\/\\\/www.dekamerhiernaast.nl\\\/fr\\\/contact\\\/#breadcrumb\"},\"inLanguage\":\"fr-FR\",\"potentialAction\":[{\"@type\":\"ReadAction\",\"target\":[\"https:\\\/\\\/www.dekamerhiernaast.nl\\\/fr\\\/contact\\\/\"]}]},{\"@type\":\"ImageObject\",\"inLanguage\":\"fr-FR\",\"@id\":\"https:\\\/\\\/www.dekamerhiernaast.nl\\\/fr\\\/contact\\\/#primaryimage\",\"url\":\"https:\\\/\\\/www.dekamerhiernaast.nl\\\/wp-content\\\/uploads\\\/2024\\\/09\\\/de_Kamer_hiernaast_sfeer_groot_05-605x806.jpg\",\"contentUrl\":\"https:\\\/\\\/www.dekamerhiernaast.nl\\\/wp-content\\\/uploads\\\/2024\\\/09\\\/de_Kamer_hiernaast_sfeer_groot_05-605x806.jpg\"},{\"@type\":\"BreadcrumbList\",\"@id\":\"https:\\\/\\\/www.dekamerhiernaast.nl\\\/fr\\\/contact\\\/#breadcrumb\",\"itemListElement\":[{\"@type\":\"ListItem\",\"position\":1,\"name\":\"Home\",\"item\":\"https:\\\/\\\/www.dekamerhiernaast.nl\\\/fr\\\/page-daccueil\\\/\"},{\"@type\":\"ListItem\",\"position\":2,\"name\":\"Contact\"}]},{\"@type\":\"WebSite\",\"@id\":\"https:\\\/\\\/www.dekamerhiernaast.nl\\\/fr\\\/#website\",\"url\":\"https:\\\/\\\/www.dekamerhiernaast.nl\\\/fr\\\/\",\"name\":\"b&amp;b de Kamer hiernaast\",\"description\":\"Bed en Breakfast in Gouda\",\"publisher\":{\"@id\":\"https:\\\/\\\/www.dekamerhiernaast.nl\\\/fr\\\/#organization\"},\"potentialAction\":[{\"@type\":\"SearchAction\",\"target\":{\"@type\":\"EntryPoint\",\"urlTemplate\":\"https:\\\/\\\/www.dekamerhiernaast.nl\\\/fr\\\/?s={search_term_string}\"},\"query-input\":{\"@type\":\"PropertyValueSpecification\",\"valueRequired\":true,\"valueName\":\"search_term_string\"}}],\"inLanguage\":\"fr-FR\"},{\"@type\":\"Organization\",\"@id\":\"https:\\\/\\\/www.dekamerhiernaast.nl\\\/fr\\\/#organization\",\"name\":\"b&amp;b de Kamer hiernaast\",\"url\":\"https:\\\/\\\/www.dekamerhiernaast.nl\\\/fr\\\/\",\"logo\":{\"@type\":\"ImageObject\",\"inLanguage\":\"fr-FR\",\"@id\":\"https:\\\/\\\/www.dekamerhiernaast.nl\\\/fr\\\/#\\\/schema\\\/logo\\\/image\\\/\",\"url\":\"https:\\\/\\\/www.dekamerhiernaast.nl\\\/wp-content\\\/uploads\\\/2021\\\/10\\\/LogoKamerHiernaast_2024_03.svg\",\"contentUrl\":\"https:\\\/\\\/www.dekamerhiernaast.nl\\\/wp-content\\\/uploads\\\/2021\\\/10\\\/LogoKamerHiernaast_2024_03.svg\",\"width\":270,\"height\":74,\"caption\":\"b&amp;b de Kamer hiernaast\"},\"image\":{\"@id\":\"https:\\\/\\\/www.dekamerhiernaast.nl\\\/fr\\\/#\\\/schema\\\/logo\\\/image\\\/\"}}]}<\/script>\n<!-- \/ Yoast SEO plugin. -->","yoast_head_json":{"title":"Contact - b&amp;b de Kamer hiernaast","robots":{"index":"index","follow":"follow","max-snippet":"max-snippet:-1","max-image-preview":"max-image-preview:large","max-video-preview":"max-video-preview:-1"},"canonical":"https:\/\/www.dekamerhiernaast.nl\/fr\/contact\/","og_locale":"fr_FR","og_type":"article","og_title":"Contact - b&amp;b de Kamer hiernaast","og_description":"Bienvenue DE KAMER HIERNAAST Komijnsteeg 1, 2801 NN Gouda\u2028Pays BasT\u00e9l\u00e9phone 0031(0)182-582855\u2028Mobile 0031(0)6-22803731\u2028info@dekamerhiernaast.nlArnoud Leemhuis &amp; Sandra van der Poel N&rsquo;h\u00e9sitez pas \u00e0 nous appeler ou \u00e0 nous envoyer un courriel pour plus d&rsquo;informations. Toutes nos r\u00e9servations sont soumises \u00e0 nos conditions &hellip; Read More","og_url":"https:\/\/www.dekamerhiernaast.nl\/fr\/contact\/","og_site_name":"b&amp;b de Kamer hiernaast","article_modified_time":"2025-02-06T13:40:42+00:00","og_image":[{"width":1048,"height":1188,"url":"https:\/\/www.dekamerhiernaast.nl\/wp-content\/uploads\/2024\/09\/de_Kamer_hiernaast_sfeer_groot_05.jpg","type":"image\/jpeg"}],"twitter_card":"summary_large_image","schema":{"@context":"https:\/\/schema.org","@graph":[{"@type":"WebPage","@id":"https:\/\/www.dekamerhiernaast.nl\/fr\/contact\/","url":"https:\/\/www.dekamerhiernaast.nl\/fr\/contact\/","name":"Contact - b&amp;b de Kamer hiernaast","isPartOf":{"@id":"https:\/\/www.dekamerhiernaast.nl\/fr\/#website"},"primaryImageOfPage":{"@id":"https:\/\/www.dekamerhiernaast.nl\/fr\/contact\/#primaryimage"},"image":{"@id":"https:\/\/www.dekamerhiernaast.nl\/fr\/contact\/#primaryimage"},"thumbnailUrl":"https:\/\/www.dekamerhiernaast.nl\/wp-content\/uploads\/2024\/09\/de_Kamer_hiernaast_sfeer_groot_05-605x806.jpg","datePublished":"2024-07-02T11:55:59+00:00","dateModified":"2025-02-06T13:40:42+00:00","breadcrumb":{"@id":"https:\/\/www.dekamerhiernaast.nl\/fr\/contact\/#breadcrumb"},"inLanguage":"fr-FR","potentialAction":[{"@type":"ReadAction","target":["https:\/\/www.dekamerhiernaast.nl\/fr\/contact\/"]}]},{"@type":"ImageObject","inLanguage":"fr-FR","@id":"https:\/\/www.dekamerhiernaast.nl\/fr\/contact\/#primaryimage","url":"https:\/\/www.dekamerhiernaast.nl\/wp-content\/uploads\/2024\/09\/de_Kamer_hiernaast_sfeer_groot_05-605x806.jpg","contentUrl":"https:\/\/www.dekamerhiernaast.nl\/wp-content\/uploads\/2024\/09\/de_Kamer_hiernaast_sfeer_groot_05-605x806.jpg"},{"@type":"BreadcrumbList","@id":"https:\/\/www.dekamerhiernaast.nl\/fr\/contact\/#breadcrumb","itemListElement":[{"@type":"ListItem","position":1,"name":"Home","item":"https:\/\/www.dekamerhiernaast.nl\/fr\/page-daccueil\/"},{"@type":"ListItem","position":2,"name":"Contact"}]},{"@type":"WebSite","@id":"https:\/\/www.dekamerhiernaast.nl\/fr\/#website","url":"https:\/\/www.dekamerhiernaast.nl\/fr\/","name":"b&amp;b de Kamer hiernaast","description":"Bed en Breakfast in Gouda","publisher":{"@id":"https:\/\/www.dekamerhiernaast.nl\/fr\/#organization"},"potentialAction":[{"@type":"SearchAction","target":{"@type":"EntryPoint","urlTemplate":"https:\/\/www.dekamerhiernaast.nl\/fr\/?s={search_term_string}"},"query-input":{"@type":"PropertyValueSpecification","valueRequired":true,"valueName":"search_term_string"}}],"inLanguage":"fr-FR"},{"@type":"Organization","@id":"https:\/\/www.dekamerhiernaast.nl\/fr\/#organization","name":"b&amp;b de Kamer hiernaast","url":"https:\/\/www.dekamerhiernaast.nl\/fr\/","logo":{"@type":"ImageObject","inLanguage":"fr-FR","@id":"https:\/\/www.dekamerhiernaast.nl\/fr\/#\/schema\/logo\/image\/","url":"https:\/\/www.dekamerhiernaast.nl\/wp-content\/uploads\/2021\/10\/LogoKamerHiernaast_2024_03.svg","contentUrl":"https:\/\/www.dekamerhiernaast.nl\/wp-content\/uploads\/2021\/10\/LogoKamerHiernaast_2024_03.svg","width":270,"height":74,"caption":"b&amp;b de Kamer hiernaast"},"image":{"@id":"https:\/\/www.dekamerhiernaast.nl\/fr\/#\/schema\/logo\/image\/"}}]}},"_links":{"self":[{"href":"https:\/\/www.dekamerhiernaast.nl\/fr\/wp-json\/wp\/v2\/pages\/551","targetHints":{"allow":["GET"]}}],"collection":[{"href":"https:\/\/www.dekamerhiernaast.nl\/fr\/wp-json\/wp\/v2\/pages"}],"about":[{"href":"https:\/\/www.dekamerhiernaast.nl\/fr\/wp-json\/wp\/v2\/types\/page"}],"author":[{"embeddable":true,"href":"https:\/\/www.dekamerhiernaast.nl\/fr\/wp-json\/wp\/v2\/users\/3635"}],"replies":[{"embeddable":true,"href":"https:\/\/www.dekamerhiernaast.nl\/fr\/wp-json\/wp\/v2\/comments?post=551"}],"version-history":[{"count":2,"href":"https:\/\/www.dekamerhiernaast.nl\/fr\/wp-json\/wp\/v2\/pages\/551\/revisions"}],"predecessor-version":[{"id":1597,"href":"https:\/\/www.dekamerhiernaast.nl\/fr\/wp-json\/wp\/v2\/pages\/551\/revisions\/1597"}],"wp:attachment":[{"href":"https:\/\/www.dekamerhiernaast.nl\/fr\/wp-json\/wp\/v2\/media?parent=551"}],"curies":[{"name":"wp","href":"https:\/\/api.w.org\/{rel}","templated":true}]}}