{"id":549,"date":"2024-07-02T11:54:48","date_gmt":"2024-07-02T11:54:48","guid":{"rendered":"http:\/\/www.maaltijdservicezoetermeer.nl\/le-prix\/"},"modified":"2026-01-14T11:29:50","modified_gmt":"2026-01-14T11:29:50","slug":"le-prix","status":"publish","type":"page","link":"https:\/\/www.dekamerhiernaast.nl\/fr\/le-prix\/","title":{"rendered":"Le Prix"},"content":{"rendered":"\t\t<div data-elementor-type=\"wp-page\" data-elementor-id=\"549\" class=\"elementor elementor-549 elementor-356\" data-elementor-post-type=\"page\">\n\t\t\t\t\t\t<section class=\"elementor-section elementor-top-section elementor-element elementor-element-e77dae3 elementor-section-height-min-height elementor-section-boxed elementor-section-height-default elementor-section-items-middle\" data-id=\"e77dae3\" data-element_type=\"section\" data-e-type=\"section\" data-settings=\"{&quot;background_background&quot;:&quot;classic&quot;}\">\n\t\t\t\t\t\t<div class=\"elementor-container elementor-column-gap-no\">\n\t\t\t\t\t<div class=\"elementor-column elementor-col-100 elementor-top-column elementor-element elementor-element-0bb026e\" data-id=\"0bb026e\" data-element_type=\"column\" data-e-type=\"column\" data-settings=\"{&quot;background_background&quot;:&quot;classic&quot;}\">\n\t\t\t<div class=\"elementor-widget-wrap\">\n\t\t\t\t\t\t\t<\/div>\n\t\t<\/div>\n\t\t\t\t\t<\/div>\n\t\t<\/section>\n\t\t\t\t<section class=\"elementor-section elementor-top-section elementor-element elementor-element-b288290 elementor-section-boxed elementor-section-height-default elementor-section-height-default\" data-id=\"b288290\" data-element_type=\"section\" data-e-type=\"section\" data-settings=\"{&quot;background_background&quot;:&quot;classic&quot;}\">\n\t\t\t\t\t\t\t<div class=\"elementor-background-overlay\"><\/div>\n\t\t\t\t\t\t\t<div class=\"elementor-container elementor-column-gap-default\">\n\t\t\t\t\t<div class=\"elementor-column elementor-col-100 elementor-top-column elementor-element elementor-element-931770c\" data-id=\"931770c\" data-element_type=\"column\" data-e-type=\"column\">\n\t\t\t<div class=\"elementor-widget-wrap elementor-element-populated\">\n\t\t\t\t\t\t<div class=\"elementor-element elementor-element-7872a89 elementor-widget-tablet__width-inherit elementor-widget-mobile__width-inherit elementor-widget elementor-widget-heading\" data-id=\"7872a89\" data-element_type=\"widget\" data-e-type=\"widget\" data-widget_type=\"heading.default\">\n\t\t\t\t<div class=\"elementor-widget-container\">\n\t\t\t\t\t<h2 class=\"elementor-heading-title elementor-size-default\">D\u00e9couvrir l'histoire de Gouda<\/h2>\t\t\t\t<\/div>\n\t\t\t\t<\/div>\n\t\t\t\t\t<\/div>\n\t\t<\/div>\n\t\t\t\t\t<\/div>\n\t\t<\/section>\n\t\t\t\t<section class=\"elementor-section elementor-top-section elementor-element elementor-element-78eb8aec elementor-section-full_width elementor-section-height-default elementor-section-height-default\" data-id=\"78eb8aec\" data-element_type=\"section\" data-e-type=\"section\" data-settings=\"{&quot;background_background&quot;:&quot;classic&quot;}\">\n\t\t\t\t\t\t<div class=\"elementor-container elementor-column-gap-default\">\n\t\t\t\t\t<div class=\"elementor-column elementor-col-100 elementor-top-column elementor-element elementor-element-44a98903\" data-id=\"44a98903\" data-element_type=\"column\" data-e-type=\"column\">\n\t\t\t<div class=\"elementor-widget-wrap elementor-element-populated\">\n\t\t\t\t\t\t<section class=\"elementor-section elementor-inner-section elementor-element elementor-element-e36124c elementor-reverse-tablet elementor-reverse-mobile elementor-section-boxed elementor-section-height-default elementor-section-height-default\" data-id=\"e36124c\" data-element_type=\"section\" data-e-type=\"section\">\n\t\t\t\t\t\t<div class=\"elementor-container elementor-column-gap-no\">\n\t\t\t\t\t<div class=\"elementor-column elementor-col-50 elementor-inner-column elementor-element elementor-element-6148ae6\" data-id=\"6148ae6\" data-element_type=\"column\" data-e-type=\"column\" data-settings=\"{&quot;background_background&quot;:&quot;classic&quot;}\">\n\t\t\t<div class=\"elementor-widget-wrap elementor-element-populated\">\n\t\t\t\t\t\t<div class=\"elementor-element elementor-element-1e10cb4f elementor-widget elementor-widget-image\" data-id=\"1e10cb4f\" data-element_type=\"widget\" data-e-type=\"widget\" data-widget_type=\"image.default\">\n\t\t\t\t<div class=\"elementor-widget-container\">\n\t\t\t\t\t\t\t\t\t\t\t\t\t\t\t<img fetchpriority=\"high\" decoding=\"async\" width=\"524\" height=\"594\" src=\"https:\/\/www.dekamerhiernaast.nl\/wp-content\/uploads\/2024\/10\/de_Kamer_hiernaast_sfeer_groot_10.jpg\" class=\"attachment-th_img_md_portrait size-th_img_md_portrait wp-image-903\" alt=\"\" srcset=\"https:\/\/www.dekamerhiernaast.nl\/wp-content\/uploads\/2024\/10\/de_Kamer_hiernaast_sfeer_groot_10.jpg 524w, https:\/\/www.dekamerhiernaast.nl\/wp-content\/uploads\/2024\/10\/de_Kamer_hiernaast_sfeer_groot_10-265x300.jpg 265w, https:\/\/www.dekamerhiernaast.nl\/wp-content\/uploads\/2024\/10\/de_Kamer_hiernaast_sfeer_groot_10-71x80.jpg 71w, https:\/\/www.dekamerhiernaast.nl\/wp-content\/uploads\/2024\/10\/de_Kamer_hiernaast_sfeer_groot_10-267x303.jpg 267w, https:\/\/www.dekamerhiernaast.nl\/wp-content\/uploads\/2024\/10\/de_Kamer_hiernaast_sfeer_groot_10-88x100.jpg 88w\" sizes=\"(max-width: 524px) 100vw, 524px\" \/>\t\t\t\t\t\t\t\t\t\t\t\t\t\t\t<\/div>\n\t\t\t\t<\/div>\n\t\t\t\t\t<\/div>\n\t\t<\/div>\n\t\t\t\t<div class=\"elementor-column elementor-col-50 elementor-inner-column elementor-element elementor-element-596503b\" data-id=\"596503b\" data-element_type=\"column\" data-e-type=\"column\">\n\t\t\t<div class=\"elementor-widget-wrap elementor-element-populated\">\n\t\t\t\t\t\t<div class=\"elementor-element elementor-element-11c343b elementor-widget elementor-widget-heading\" data-id=\"11c343b\" data-element_type=\"widget\" data-e-type=\"widget\" data-widget_type=\"heading.default\">\n\t\t\t\t<div class=\"elementor-widget-container\">\n\t\t\t\t\t<h2 class=\"elementor-heading-title elementor-size-default\">TARIFS<\/h2>\t\t\t\t<\/div>\n\t\t\t\t<\/div>\n\t\t\t\t<div class=\"elementor-element elementor-element-3f84c249 elementor-widget elementor-widget-text-editor\" data-id=\"3f84c249\" data-element_type=\"widget\" data-e-type=\"widget\" data-widget_type=\"text-editor.default\">\n\t\t\t\t<div class=\"elementor-widget-container\">\n\t\t\t\t\t\t\t\t\t<p style=\"font-weight: 400;\">Le prix d&rsquo;une nuit\u00e9e pour deux personnes est de<br>140 euros (\u00e0 compter du 1er janvier 2026, TVA de 21 % comprise, hors taxe de s\u00e9jour), y compris un d\u00e9licieux petit d\u00e9jeuner. <span style=\"font-family: inherit; font-style: inherit; letter-spacing: 0px;\">La chambre est non-fumeur. <\/span> <span style=\"font-family: inherit; font-size: inherit; font-style: inherit; letter-spacing: 0px;\">Nous sommes ouverts toute l&rsquo;ann\u00e9e. Vous pouvez payer en esp\u00e8ces ou par carte de d\u00e9bit ou de cr\u00e9dit.<\/span><\/p><p style=\"font-weight: 400;\"><strong>Heures d&rsquo;arriv\u00e9e et de d\u00e9part:<\/strong><br>&#8211; enregistrement \u00e0 partir de 16.30h<br>&#8211; d\u00e9part jusqu&rsquo;\u00e0 11h00<\/p>\t\t\t\t\t\t\t\t<\/div>\n\t\t\t\t<\/div>\n\t\t\t\t<div class=\"elementor-element elementor-element-2b92fee elementor-widget elementor-widget-heading\" data-id=\"2b92fee\" data-element_type=\"widget\" data-e-type=\"widget\" data-widget_type=\"heading.default\">\n\t\t\t\t<div class=\"elementor-widget-container\">\n\t\t\t\t\t<h2 class=\"elementor-heading-title elementor-size-default\"><a href=\"https:\/\/www.dekamerhiernaast.nl\/fr\/reservation\/\">R\u00c9SERVER<\/a><\/h2>\t\t\t\t<\/div>\n\t\t\t\t<\/div>\n\t\t\t\t\t<\/div>\n\t\t<\/div>\n\t\t\t\t\t<\/div>\n\t\t<\/section>\n\t\t\t\t\t<\/div>\n\t\t<\/div>\n\t\t\t\t\t<\/div>\n\t\t<\/section>\n\t\t\t\t<section class=\"elementor-section elementor-top-section elementor-element elementor-element-21d0a1a7 elementor-section-boxed elementor-section-height-default elementor-section-height-default\" data-id=\"21d0a1a7\" data-element_type=\"section\" data-e-type=\"section\" data-settings=\"{&quot;background_background&quot;:&quot;classic&quot;}\">\n\t\t\t\t\t\t<div class=\"elementor-container elementor-column-gap-no\">\n\t\t\t\t\t<div class=\"elementor-column elementor-col-100 elementor-top-column elementor-element elementor-element-ef05a76\" data-id=\"ef05a76\" data-element_type=\"column\" data-e-type=\"column\">\n\t\t\t<div class=\"elementor-widget-wrap\">\n\t\t\t\t\t\t\t<\/div>\n\t\t<\/div>\n\t\t\t\t\t<\/div>\n\t\t<\/section>\n\t\t\t\t<section class=\"elementor-section elementor-top-section elementor-element elementor-element-1f2e248 elementor-section-boxed elementor-section-height-default elementor-section-height-default\" data-id=\"1f2e248\" data-element_type=\"section\" data-e-type=\"section\">\n\t\t\t\t\t\t<div class=\"elementor-container elementor-column-gap-default\">\n\t\t\t\t\t<div class=\"elementor-column elementor-col-100 elementor-top-column elementor-element elementor-element-055f5bf\" data-id=\"055f5bf\" data-element_type=\"column\" data-e-type=\"column\">\n\t\t\t<div class=\"elementor-widget-wrap\">\n\t\t\t\t\t\t\t<\/div>\n\t\t<\/div>\n\t\t\t\t\t<\/div>\n\t\t<\/section>\n\t\t\t\t<\/div>\n\t\t","protected":false},"excerpt":{"rendered":"<p>D\u00e9couvrir l&rsquo;histoire de Gouda TARIFS Le prix d&rsquo;une nuit\u00e9e pour deux personnes est de140 euros (\u00e0 compter du 1er janvier 2026, TVA de 21 % comprise, hors taxe de s\u00e9jour), y compris un d\u00e9licieux petit d\u00e9jeuner. La chambre est non-fumeur. &hellip; <a href=\"https:\/\/www.dekamerhiernaast.nl\/fr\/le-prix\/\">Read More<\/a><\/p>\n","protected":false},"author":3635,"featured_media":0,"parent":0,"menu_order":2,"comment_status":"closed","ping_status":"closed","template":"","meta":{"footnotes":""},"class_list":["post-549","page","type-page","status-publish","hentry"],"yoast_head":"<!-- This site is optimized with the Yoast SEO plugin v27.3 - https:\/\/yoast.com\/product\/yoast-seo-wordpress\/ -->\n<title>Le Prix - b&amp;b de Kamer hiernaast<\/title>\n<meta name=\"robots\" content=\"index, follow, max-snippet:-1, max-image-preview:large, max-video-preview:-1\" \/>\n<link rel=\"canonical\" href=\"https:\/\/www.dekamerhiernaast.nl\/fr\/le-prix\/\" \/>\n<meta property=\"og:locale\" content=\"fr_FR\" \/>\n<meta property=\"og:type\" content=\"article\" \/>\n<meta property=\"og:title\" content=\"Le Prix - b&amp;b de Kamer hiernaast\" \/>\n<meta property=\"og:description\" content=\"D\u00e9couvrir l&rsquo;histoire de Gouda TARIFS Le prix d&rsquo;une nuit\u00e9e pour deux personnes est de140 euros (\u00e0 compter du 1er janvier 2026, TVA de 21 % comprise, hors taxe de s\u00e9jour), y compris un d\u00e9licieux petit d\u00e9jeuner. La chambre est non-fumeur. &hellip; Read More\" \/>\n<meta property=\"og:url\" content=\"https:\/\/www.dekamerhiernaast.nl\/fr\/le-prix\/\" \/>\n<meta property=\"og:site_name\" content=\"b&amp;b de Kamer hiernaast\" \/>\n<meta property=\"article:modified_time\" content=\"2026-01-14T11:29:50+00:00\" \/>\n<meta property=\"og:image\" content=\"https:\/\/www.dekamerhiernaast.nl\/wp-content\/uploads\/2024\/10\/de_Kamer_hiernaast_sfeer_groot_10.jpg\" \/>\n<meta name=\"twitter:card\" content=\"summary_large_image\" \/>\n<script type=\"application\/ld+json\" class=\"yoast-schema-graph\">{\"@context\":\"https:\\\/\\\/schema.org\",\"@graph\":[{\"@type\":\"WebPage\",\"@id\":\"https:\\\/\\\/www.dekamerhiernaast.nl\\\/fr\\\/le-prix\\\/\",\"url\":\"https:\\\/\\\/www.dekamerhiernaast.nl\\\/fr\\\/le-prix\\\/\",\"name\":\"Le Prix - b&amp;b de Kamer hiernaast\",\"isPartOf\":{\"@id\":\"https:\\\/\\\/www.dekamerhiernaast.nl\\\/fr\\\/#website\"},\"primaryImageOfPage\":{\"@id\":\"https:\\\/\\\/www.dekamerhiernaast.nl\\\/fr\\\/le-prix\\\/#primaryimage\"},\"image\":{\"@id\":\"https:\\\/\\\/www.dekamerhiernaast.nl\\\/fr\\\/le-prix\\\/#primaryimage\"},\"thumbnailUrl\":\"https:\\\/\\\/www.dekamerhiernaast.nl\\\/wp-content\\\/uploads\\\/2024\\\/10\\\/de_Kamer_hiernaast_sfeer_groot_10.jpg\",\"datePublished\":\"2024-07-02T11:54:48+00:00\",\"dateModified\":\"2026-01-14T11:29:50+00:00\",\"breadcrumb\":{\"@id\":\"https:\\\/\\\/www.dekamerhiernaast.nl\\\/fr\\\/le-prix\\\/#breadcrumb\"},\"inLanguage\":\"fr-FR\",\"potentialAction\":[{\"@type\":\"ReadAction\",\"target\":[\"https:\\\/\\\/www.dekamerhiernaast.nl\\\/fr\\\/le-prix\\\/\"]}]},{\"@type\":\"ImageObject\",\"inLanguage\":\"fr-FR\",\"@id\":\"https:\\\/\\\/www.dekamerhiernaast.nl\\\/fr\\\/le-prix\\\/#primaryimage\",\"url\":\"https:\\\/\\\/www.dekamerhiernaast.nl\\\/wp-content\\\/uploads\\\/2024\\\/10\\\/de_Kamer_hiernaast_sfeer_groot_10.jpg\",\"contentUrl\":\"https:\\\/\\\/www.dekamerhiernaast.nl\\\/wp-content\\\/uploads\\\/2024\\\/10\\\/de_Kamer_hiernaast_sfeer_groot_10.jpg\"},{\"@type\":\"BreadcrumbList\",\"@id\":\"https:\\\/\\\/www.dekamerhiernaast.nl\\\/fr\\\/le-prix\\\/#breadcrumb\",\"itemListElement\":[{\"@type\":\"ListItem\",\"position\":1,\"name\":\"Home\",\"item\":\"https:\\\/\\\/www.dekamerhiernaast.nl\\\/fr\\\/page-daccueil\\\/\"},{\"@type\":\"ListItem\",\"position\":2,\"name\":\"Le Prix\"}]},{\"@type\":\"WebSite\",\"@id\":\"https:\\\/\\\/www.dekamerhiernaast.nl\\\/fr\\\/#website\",\"url\":\"https:\\\/\\\/www.dekamerhiernaast.nl\\\/fr\\\/\",\"name\":\"b&amp;b de Kamer hiernaast\",\"description\":\"Bed en Breakfast in Gouda\",\"publisher\":{\"@id\":\"https:\\\/\\\/www.dekamerhiernaast.nl\\\/fr\\\/#organization\"},\"potentialAction\":[{\"@type\":\"SearchAction\",\"target\":{\"@type\":\"EntryPoint\",\"urlTemplate\":\"https:\\\/\\\/www.dekamerhiernaast.nl\\\/fr\\\/?s={search_term_string}\"},\"query-input\":{\"@type\":\"PropertyValueSpecification\",\"valueRequired\":true,\"valueName\":\"search_term_string\"}}],\"inLanguage\":\"fr-FR\"},{\"@type\":\"Organization\",\"@id\":\"https:\\\/\\\/www.dekamerhiernaast.nl\\\/fr\\\/#organization\",\"name\":\"b&amp;b de Kamer hiernaast\",\"url\":\"https:\\\/\\\/www.dekamerhiernaast.nl\\\/fr\\\/\",\"logo\":{\"@type\":\"ImageObject\",\"inLanguage\":\"fr-FR\",\"@id\":\"https:\\\/\\\/www.dekamerhiernaast.nl\\\/fr\\\/#\\\/schema\\\/logo\\\/image\\\/\",\"url\":\"https:\\\/\\\/www.dekamerhiernaast.nl\\\/wp-content\\\/uploads\\\/2021\\\/10\\\/LogoKamerHiernaast_2024_03.svg\",\"contentUrl\":\"https:\\\/\\\/www.dekamerhiernaast.nl\\\/wp-content\\\/uploads\\\/2021\\\/10\\\/LogoKamerHiernaast_2024_03.svg\",\"width\":270,\"height\":74,\"caption\":\"b&amp;b de Kamer hiernaast\"},\"image\":{\"@id\":\"https:\\\/\\\/www.dekamerhiernaast.nl\\\/fr\\\/#\\\/schema\\\/logo\\\/image\\\/\"}}]}<\/script>\n<!-- \/ Yoast SEO plugin. -->","yoast_head_json":{"title":"Le Prix - b&amp;b de Kamer hiernaast","robots":{"index":"index","follow":"follow","max-snippet":"max-snippet:-1","max-image-preview":"max-image-preview:large","max-video-preview":"max-video-preview:-1"},"canonical":"https:\/\/www.dekamerhiernaast.nl\/fr\/le-prix\/","og_locale":"fr_FR","og_type":"article","og_title":"Le Prix - b&amp;b de Kamer hiernaast","og_description":"D\u00e9couvrir l&rsquo;histoire de Gouda TARIFS Le prix d&rsquo;une nuit\u00e9e pour deux personnes est de140 euros (\u00e0 compter du 1er janvier 2026, TVA de 21 % comprise, hors taxe de s\u00e9jour), y compris un d\u00e9licieux petit d\u00e9jeuner. La chambre est non-fumeur. &hellip; Read More","og_url":"https:\/\/www.dekamerhiernaast.nl\/fr\/le-prix\/","og_site_name":"b&amp;b de Kamer hiernaast","article_modified_time":"2026-01-14T11:29:50+00:00","og_image":[{"url":"https:\/\/www.dekamerhiernaast.nl\/wp-content\/uploads\/2024\/10\/de_Kamer_hiernaast_sfeer_groot_10.jpg","type":"","width":"","height":""}],"twitter_card":"summary_large_image","schema":{"@context":"https:\/\/schema.org","@graph":[{"@type":"WebPage","@id":"https:\/\/www.dekamerhiernaast.nl\/fr\/le-prix\/","url":"https:\/\/www.dekamerhiernaast.nl\/fr\/le-prix\/","name":"Le Prix - b&amp;b de Kamer hiernaast","isPartOf":{"@id":"https:\/\/www.dekamerhiernaast.nl\/fr\/#website"},"primaryImageOfPage":{"@id":"https:\/\/www.dekamerhiernaast.nl\/fr\/le-prix\/#primaryimage"},"image":{"@id":"https:\/\/www.dekamerhiernaast.nl\/fr\/le-prix\/#primaryimage"},"thumbnailUrl":"https:\/\/www.dekamerhiernaast.nl\/wp-content\/uploads\/2024\/10\/de_Kamer_hiernaast_sfeer_groot_10.jpg","datePublished":"2024-07-02T11:54:48+00:00","dateModified":"2026-01-14T11:29:50+00:00","breadcrumb":{"@id":"https:\/\/www.dekamerhiernaast.nl\/fr\/le-prix\/#breadcrumb"},"inLanguage":"fr-FR","potentialAction":[{"@type":"ReadAction","target":["https:\/\/www.dekamerhiernaast.nl\/fr\/le-prix\/"]}]},{"@type":"ImageObject","inLanguage":"fr-FR","@id":"https:\/\/www.dekamerhiernaast.nl\/fr\/le-prix\/#primaryimage","url":"https:\/\/www.dekamerhiernaast.nl\/wp-content\/uploads\/2024\/10\/de_Kamer_hiernaast_sfeer_groot_10.jpg","contentUrl":"https:\/\/www.dekamerhiernaast.nl\/wp-content\/uploads\/2024\/10\/de_Kamer_hiernaast_sfeer_groot_10.jpg"},{"@type":"BreadcrumbList","@id":"https:\/\/www.dekamerhiernaast.nl\/fr\/le-prix\/#breadcrumb","itemListElement":[{"@type":"ListItem","position":1,"name":"Home","item":"https:\/\/www.dekamerhiernaast.nl\/fr\/page-daccueil\/"},{"@type":"ListItem","position":2,"name":"Le Prix"}]},{"@type":"WebSite","@id":"https:\/\/www.dekamerhiernaast.nl\/fr\/#website","url":"https:\/\/www.dekamerhiernaast.nl\/fr\/","name":"b&amp;b de Kamer hiernaast","description":"Bed en Breakfast in Gouda","publisher":{"@id":"https:\/\/www.dekamerhiernaast.nl\/fr\/#organization"},"potentialAction":[{"@type":"SearchAction","target":{"@type":"EntryPoint","urlTemplate":"https:\/\/www.dekamerhiernaast.nl\/fr\/?s={search_term_string}"},"query-input":{"@type":"PropertyValueSpecification","valueRequired":true,"valueName":"search_term_string"}}],"inLanguage":"fr-FR"},{"@type":"Organization","@id":"https:\/\/www.dekamerhiernaast.nl\/fr\/#organization","name":"b&amp;b de Kamer hiernaast","url":"https:\/\/www.dekamerhiernaast.nl\/fr\/","logo":{"@type":"ImageObject","inLanguage":"fr-FR","@id":"https:\/\/www.dekamerhiernaast.nl\/fr\/#\/schema\/logo\/image\/","url":"https:\/\/www.dekamerhiernaast.nl\/wp-content\/uploads\/2021\/10\/LogoKamerHiernaast_2024_03.svg","contentUrl":"https:\/\/www.dekamerhiernaast.nl\/wp-content\/uploads\/2021\/10\/LogoKamerHiernaast_2024_03.svg","width":270,"height":74,"caption":"b&amp;b de Kamer hiernaast"},"image":{"@id":"https:\/\/www.dekamerhiernaast.nl\/fr\/#\/schema\/logo\/image\/"}}]}},"_links":{"self":[{"href":"https:\/\/www.dekamerhiernaast.nl\/fr\/wp-json\/wp\/v2\/pages\/549","targetHints":{"allow":["GET"]}}],"collection":[{"href":"https:\/\/www.dekamerhiernaast.nl\/fr\/wp-json\/wp\/v2\/pages"}],"about":[{"href":"https:\/\/www.dekamerhiernaast.nl\/fr\/wp-json\/wp\/v2\/types\/page"}],"author":[{"embeddable":true,"href":"https:\/\/www.dekamerhiernaast.nl\/fr\/wp-json\/wp\/v2\/users\/3635"}],"replies":[{"embeddable":true,"href":"https:\/\/www.dekamerhiernaast.nl\/fr\/wp-json\/wp\/v2\/comments?post=549"}],"version-history":[{"count":2,"href":"https:\/\/www.dekamerhiernaast.nl\/fr\/wp-json\/wp\/v2\/pages\/549\/revisions"}],"predecessor-version":[{"id":1627,"href":"https:\/\/www.dekamerhiernaast.nl\/fr\/wp-json\/wp\/v2\/pages\/549\/revisions\/1627"}],"wp:attachment":[{"href":"https:\/\/www.dekamerhiernaast.nl\/fr\/wp-json\/wp\/v2\/media?parent=549"}],"curies":[{"name":"wp","href":"https:\/\/api.w.org\/{rel}","templated":true}]}}