{"id":547,"date":"2024-06-26T10:54:38","date_gmt":"2024-06-26T10:54:38","guid":{"rendered":"http:\/\/www.maaltijdservicezoetermeer.nl\/la-chambre\/"},"modified":"2024-12-20T14:06:49","modified_gmt":"2024-12-20T14:06:49","slug":"la-chambre","status":"publish","type":"page","link":"https:\/\/www.dekamerhiernaast.nl\/fr\/la-chambre\/","title":{"rendered":"La Chambre"},"content":{"rendered":"\t\t<div data-elementor-type=\"wp-page\" data-elementor-id=\"547\" class=\"elementor elementor-547 elementor-321\" data-elementor-post-type=\"page\">\n\t\t\t\t\t\t<section class=\"elementor-section elementor-top-section elementor-element elementor-element-e6ec012 elementor-section-height-min-height elementor-section-boxed elementor-section-height-default elementor-section-items-middle\" data-id=\"e6ec012\" data-element_type=\"section\" data-e-type=\"section\" data-settings=\"{&quot;background_background&quot;:&quot;classic&quot;}\">\n\t\t\t\t\t\t<div class=\"elementor-container elementor-column-gap-no\">\n\t\t\t\t\t<div class=\"elementor-column elementor-col-100 elementor-top-column elementor-element elementor-element-01d1061\" data-id=\"01d1061\" data-element_type=\"column\" data-e-type=\"column\" data-settings=\"{&quot;background_background&quot;:&quot;classic&quot;}\">\n\t\t\t<div class=\"elementor-widget-wrap\">\n\t\t\t\t\t\t\t<\/div>\n\t\t<\/div>\n\t\t\t\t\t<\/div>\n\t\t<\/section>\n\t\t\t\t<section class=\"elementor-section elementor-top-section elementor-element elementor-element-b360c80 elementor-section-boxed elementor-section-height-default elementor-section-height-default\" data-id=\"b360c80\" data-element_type=\"section\" data-e-type=\"section\" data-settings=\"{&quot;background_background&quot;:&quot;classic&quot;}\">\n\t\t\t\t\t\t\t<div class=\"elementor-background-overlay\"><\/div>\n\t\t\t\t\t\t\t<div class=\"elementor-container elementor-column-gap-default\">\n\t\t\t\t\t<div class=\"elementor-column elementor-col-100 elementor-top-column elementor-element elementor-element-fc094c2\" data-id=\"fc094c2\" data-element_type=\"column\" data-e-type=\"column\">\n\t\t\t<div class=\"elementor-widget-wrap elementor-element-populated\">\n\t\t\t\t\t\t<div class=\"elementor-element elementor-element-43f793b elementor-widget-tablet__width-inherit elementor-widget-mobile__width-inherit elementor-widget elementor-widget-heading\" data-id=\"43f793b\" data-element_type=\"widget\" data-e-type=\"widget\" data-widget_type=\"heading.default\">\n\t\t\t\t<div class=\"elementor-widget-container\">\n\t\t\t\t\t<h2 class=\"elementor-heading-title elementor-size-default\">Bienvenue ! Et se sentir chez soi <\/h2>\t\t\t\t<\/div>\n\t\t\t\t<\/div>\n\t\t\t\t\t<\/div>\n\t\t<\/div>\n\t\t\t\t\t<\/div>\n\t\t<\/section>\n\t\t\t\t<section class=\"elementor-section elementor-top-section elementor-element elementor-element-78eb8aec elementor-section-full_width elementor-section-height-default elementor-section-height-default\" data-id=\"78eb8aec\" data-element_type=\"section\" data-e-type=\"section\" data-settings=\"{&quot;background_background&quot;:&quot;classic&quot;}\">\n\t\t\t\t\t\t<div class=\"elementor-container elementor-column-gap-default\">\n\t\t\t\t\t<div class=\"elementor-column elementor-col-100 elementor-top-column elementor-element elementor-element-44a98903\" data-id=\"44a98903\" data-element_type=\"column\" data-e-type=\"column\">\n\t\t\t<div class=\"elementor-widget-wrap elementor-element-populated\">\n\t\t\t\t\t\t<section class=\"elementor-section elementor-inner-section elementor-element elementor-element-e36124c elementor-reverse-tablet elementor-reverse-mobile elementor-section-boxed elementor-section-height-default elementor-section-height-default\" data-id=\"e36124c\" data-element_type=\"section\" data-e-type=\"section\">\n\t\t\t\t\t\t<div class=\"elementor-container elementor-column-gap-no\">\n\t\t\t\t\t<div class=\"elementor-column elementor-col-50 elementor-inner-column elementor-element elementor-element-6148ae6\" data-id=\"6148ae6\" data-element_type=\"column\" data-e-type=\"column\" data-settings=\"{&quot;background_background&quot;:&quot;classic&quot;}\">\n\t\t\t<div class=\"elementor-widget-wrap elementor-element-populated\">\n\t\t\t\t\t\t<div class=\"elementor-element elementor-element-1e10cb4f elementor-widget elementor-widget-image\" data-id=\"1e10cb4f\" data-element_type=\"widget\" data-e-type=\"widget\" data-widget_type=\"image.default\">\n\t\t\t\t<div class=\"elementor-widget-container\">\n\t\t\t\t\t\t\t\t\t\t\t\t\t\t\t<img decoding=\"async\" src=\"https:\/\/www.dekamerhiernaast.nl\/wp-content\/uploads\/elementor\/thumbs\/de_Kamer_hiernaast_sfeer_groot_09-qyp179yaa5kpsricd0r1idds4gc5jbh83mq24jx3ck.jpg\" title=\"de_Kamer_hiernaast_sfeer_groot_09\" alt=\"de_Kamer_hiernaast_sfeer_groot_09\" loading=\"lazy\" \/>\t\t\t\t\t\t\t\t\t\t\t\t\t\t\t<\/div>\n\t\t\t\t<\/div>\n\t\t\t\t\t<\/div>\n\t\t<\/div>\n\t\t\t\t<div class=\"elementor-column elementor-col-50 elementor-inner-column elementor-element elementor-element-596503b\" data-id=\"596503b\" data-element_type=\"column\" data-e-type=\"column\">\n\t\t\t<div class=\"elementor-widget-wrap elementor-element-populated\">\n\t\t\t\t\t\t<div class=\"elementor-element elementor-element-17ffe64 elementor-widget elementor-widget-heading\" data-id=\"17ffe64\" data-element_type=\"widget\" data-e-type=\"widget\" data-widget_type=\"heading.default\">\n\t\t\t\t<div class=\"elementor-widget-container\">\n\t\t\t\t\t<h2 class=\"elementor-heading-title elementor-size-default\">LA CHAMBRE<\/h2>\t\t\t\t<\/div>\n\t\t\t\t<\/div>\n\t\t\t\t<div class=\"elementor-element elementor-element-c2739e7 elementor-widget elementor-widget-text-editor\" data-id=\"c2739e7\" data-element_type=\"widget\" data-e-type=\"widget\" data-widget_type=\"text-editor.default\">\n\t\t\t\t<div class=\"elementor-widget-container\">\n\t\t\t\t\t\t\t\t\t<h4 style=\"font-weight: 400;\">La chambre spacieuse et agr\u00e9ablement d\u00e9cor\u00e9e.<\/h4>\t\t\t\t\t\t\t\t<\/div>\n\t\t\t\t<\/div>\n\t\t\t\t<div class=\"elementor-element elementor-element-3f84c249 elementor-widget elementor-widget-text-editor\" data-id=\"3f84c249\" data-element_type=\"widget\" data-e-type=\"widget\" data-widget_type=\"text-editor.default\">\n\t\t\t\t<div class=\"elementor-widget-container\">\n\t\t\t\t\t\t\t\t\t<p style=\"font-weight: 400;\">Une chambre avec une grande table (de travail), un coin salon, un bon lit, une t\u00e9l\u00e9vision et une salle de bain priv\u00e9e. Bien s\u00fbr, le wifi. Pr\u00e9parez votre propre caf\u00e9 et th\u00e9, et une boisson fra\u00eeche dans le r\u00e9frig\u00e9rateur.<br \/>Notre chambre peut accueillir un maximum de 2 personnes. La chambre est non-fumeurs. Vous disposez d&rsquo;une entr\u00e9e priv\u00e9e dans la rue, vous pouvez aller et venir \u00e0 votre guise.<\/p>\n\t\t\t\t\t\t\t\t<\/div>\n\t\t\t\t<\/div>\n\t\t\t\t\t<\/div>\n\t\t<\/div>\n\t\t\t\t\t<\/div>\n\t\t<\/section>\n\t\t\t\t\t<\/div>\n\t\t<\/div>\n\t\t\t\t\t<\/div>\n\t\t<\/section>\n\t\t\t\t<section class=\"elementor-section elementor-top-section elementor-element elementor-element-21d0a1a7 elementor-section-boxed elementor-section-height-default elementor-section-height-default\" data-id=\"21d0a1a7\" data-element_type=\"section\" data-e-type=\"section\" data-settings=\"{&quot;background_background&quot;:&quot;classic&quot;}\">\n\t\t\t\t\t\t<div class=\"elementor-container elementor-column-gap-no\">\n\t\t\t\t\t<div class=\"elementor-column elementor-col-100 elementor-top-column elementor-element elementor-element-2af3345\" data-id=\"2af3345\" data-element_type=\"column\" data-e-type=\"column\">\n\t\t\t<div class=\"elementor-widget-wrap\">\n\t\t\t\t\t\t\t<\/div>\n\t\t<\/div>\n\t\t\t\t\t<\/div>\n\t\t<\/section>\n\t\t\t\t<section class=\"elementor-section elementor-top-section elementor-element elementor-element-283334c elementor-section-boxed elementor-section-height-default elementor-section-height-default\" data-id=\"283334c\" data-element_type=\"section\" data-e-type=\"section\">\n\t\t\t\t\t\t<div class=\"elementor-container elementor-column-gap-default\">\n\t\t\t\t\t<div class=\"elementor-column elementor-col-66 elementor-top-column elementor-element elementor-element-b2ebbdc\" data-id=\"b2ebbdc\" data-element_type=\"column\" data-e-type=\"column\">\n\t\t\t<div class=\"elementor-widget-wrap elementor-element-populated\">\n\t\t\t\t\t\t<div class=\"elementor-element elementor-element-b758008 elementor-widget elementor-widget-heading\" data-id=\"b758008\" data-element_type=\"widget\" data-e-type=\"widget\" data-widget_type=\"heading.default\">\n\t\t\t\t<div class=\"elementor-widget-container\">\n\t\t\t\t\t<h2 class=\"elementor-heading-title elementor-size-default\">R\u00c9SERVER<\/h2>\t\t\t\t<\/div>\n\t\t\t\t<\/div>\n\t\t\t\t<div class=\"elementor-element elementor-element-d2662df elementor-widget__width-initial elementor-widget elementor-widget-text-editor\" data-id=\"d2662df\" data-element_type=\"widget\" data-e-type=\"widget\" data-widget_type=\"text-editor.default\">\n\t\t\t\t<div class=\"elementor-widget-container\">\n\t\t\t\t\t\t\t\t\t<p style=\"font-weight: 400;\">Pendant votre s\u00e9jour, vous pourrez profiter de la tranquillit\u00e9 et de l&rsquo;intimit\u00e9 de cette partie du centre-ville de Gouda.<br \/><strong>Veuillez noter<\/strong> que la chambre est accessible par un escalier assez raide et qu&rsquo;elle est situ\u00e9e au premier \u00e9tage. La chambre n&rsquo;est donc malheureusement pas adapt\u00e9e aux personnes handicap\u00e9es.<\/p>\n<p style=\"font-weight: 400;\">Petit-d\u00e9jeuner complet de 8h \u00e0 11h.<\/p>\n\t\t\t\t\t\t\t\t<\/div>\n\t\t\t\t<\/div>\n\t\t\t\t\t<\/div>\n\t\t<\/div>\n\t\t\t\t<div class=\"elementor-column elementor-col-33 elementor-top-column elementor-element elementor-element-8233fad\" data-id=\"8233fad\" data-element_type=\"column\" data-e-type=\"column\">\n\t\t\t<div class=\"elementor-widget-wrap elementor-element-populated\">\n\t\t\t\t\t\t<div class=\"elementor-element elementor-element-1d7014bd elementor-widget__width-initial elementor-widget elementor-widget-image\" data-id=\"1d7014bd\" data-element_type=\"widget\" data-e-type=\"widget\" data-widget_type=\"image.default\">\n\t\t\t\t<div class=\"elementor-widget-container\">\n\t\t\t\t\t\t\t\t\t\t\t\t\t\t\t<img decoding=\"async\" src=\"https:\/\/www.dekamerhiernaast.nl\/wp-content\/uploads\/elementor\/thumbs\/de_Kamer_hiernaast_sfeer_midden_04-qyp1790g3bhzi7i0pa3kh103cp7ba9jvyuih3k6gco.jpg\" title=\"de_Kamer_hiernaast_sfeer_midden_04\" alt=\"de_Kamer_hiernaast_sfeer_midden_04\" loading=\"lazy\" \/>\t\t\t\t\t\t\t\t\t\t\t\t\t\t\t<\/div>\n\t\t\t\t<\/div>\n\t\t\t\t\t<\/div>\n\t\t<\/div>\n\t\t\t\t\t<\/div>\n\t\t<\/section>\n\t\t\t\t<section class=\"elementor-section elementor-top-section elementor-element elementor-element-1f2e248 elementor-section-boxed elementor-section-height-default elementor-section-height-default\" data-id=\"1f2e248\" data-element_type=\"section\" data-e-type=\"section\">\n\t\t\t\t\t\t<div class=\"elementor-container elementor-column-gap-default\">\n\t\t\t\t\t<div class=\"elementor-column elementor-col-100 elementor-top-column elementor-element elementor-element-055f5bf\" data-id=\"055f5bf\" data-element_type=\"column\" data-e-type=\"column\">\n\t\t\t<div class=\"elementor-widget-wrap elementor-element-populated\">\n\t\t\t\t\t\t<div class=\"elementor-element elementor-element-2f57cf55 elementor-widget elementor-widget-themo-image-gallery\" data-id=\"2f57cf55\" data-element_type=\"widget\" data-e-type=\"widget\" data-widget_type=\"themo-image-gallery.default\">\n\t\t\t\t<div class=\"elementor-widget-container\">\n\t\t\t\t\t\t\t<div class=\"elementor-image-gallery th-image-stretch\">\n\t\t\t<div class=\"gallery gallery-547-1\"><div class=\"row gallery-row\"><div class=\"col-sm-4 col-lg-4\"><a data-toggle=\"lightbox\" data-gallery=\"multiimages\" data-title=\"\"  class=\"thumbnail img-thumbnail\" href='https:\/\/www.dekamerhiernaast.nl\/wp-content\/uploads\/2024\/09\/de_Kamer_hiernaast_sfeer_04.jpg'><img fetchpriority=\"high\" decoding=\"async\" width=\"394\" height=\"394\" src=\"https:\/\/www.dekamerhiernaast.nl\/wp-content\/uploads\/2024\/09\/de_Kamer_hiernaast_sfeer_04-394x394.jpg\" class=\"attachment-th_img_sm_square size-th_img_sm_square\" alt=\"\" srcset=\"https:\/\/www.dekamerhiernaast.nl\/wp-content\/uploads\/2024\/09\/de_Kamer_hiernaast_sfeer_04-394x394.jpg 394w, https:\/\/www.dekamerhiernaast.nl\/wp-content\/uploads\/2024\/09\/de_Kamer_hiernaast_sfeer_04-300x300.jpg 300w, https:\/\/www.dekamerhiernaast.nl\/wp-content\/uploads\/2024\/09\/de_Kamer_hiernaast_sfeer_04-150x150.jpg 150w, https:\/\/www.dekamerhiernaast.nl\/wp-content\/uploads\/2024\/09\/de_Kamer_hiernaast_sfeer_04-80x80.jpg 80w, https:\/\/www.dekamerhiernaast.nl\/wp-content\/uploads\/2024\/09\/de_Kamer_hiernaast_sfeer_04-303x303.jpg 303w, https:\/\/www.dekamerhiernaast.nl\/wp-content\/uploads\/2024\/09\/de_Kamer_hiernaast_sfeer_04-605x605.jpg 605w, https:\/\/www.dekamerhiernaast.nl\/wp-content\/uploads\/2024\/09\/de_Kamer_hiernaast_sfeer_04-700x700.jpg 700w, https:\/\/www.dekamerhiernaast.nl\/wp-content\/uploads\/2024\/09\/de_Kamer_hiernaast_sfeer_04-100x100.jpg 100w, https:\/\/www.dekamerhiernaast.nl\/wp-content\/uploads\/2024\/09\/de_Kamer_hiernaast_sfeer_04.jpg 724w\" sizes=\"(max-width: 394px) 100vw, 394px\" \/><\/a><div class=\"gallery-text\"><div class=\"image-title\">de_Kamer_hiernaast_sfeer_04<\/div><\/div><\/div><div class=\"col-sm-4 col-lg-4\"><a data-toggle=\"lightbox\" data-gallery=\"multiimages\" data-title=\"\"  class=\"thumbnail img-thumbnail\" href='https:\/\/www.dekamerhiernaast.nl\/wp-content\/uploads\/2024\/09\/de_Kamer_hiernaast_sfeer_05.jpg'><img decoding=\"async\" width=\"394\" height=\"394\" src=\"https:\/\/www.dekamerhiernaast.nl\/wp-content\/uploads\/2024\/09\/de_Kamer_hiernaast_sfeer_05-394x394.jpg\" class=\"attachment-th_img_sm_square size-th_img_sm_square\" alt=\"\" srcset=\"https:\/\/www.dekamerhiernaast.nl\/wp-content\/uploads\/2024\/09\/de_Kamer_hiernaast_sfeer_05-394x394.jpg 394w, https:\/\/www.dekamerhiernaast.nl\/wp-content\/uploads\/2024\/09\/de_Kamer_hiernaast_sfeer_05-300x300.jpg 300w, https:\/\/www.dekamerhiernaast.nl\/wp-content\/uploads\/2024\/09\/de_Kamer_hiernaast_sfeer_05-150x150.jpg 150w, https:\/\/www.dekamerhiernaast.nl\/wp-content\/uploads\/2024\/09\/de_Kamer_hiernaast_sfeer_05-80x80.jpg 80w, https:\/\/www.dekamerhiernaast.nl\/wp-content\/uploads\/2024\/09\/de_Kamer_hiernaast_sfeer_05-303x303.jpg 303w, https:\/\/www.dekamerhiernaast.nl\/wp-content\/uploads\/2024\/09\/de_Kamer_hiernaast_sfeer_05-605x605.jpg 605w, https:\/\/www.dekamerhiernaast.nl\/wp-content\/uploads\/2024\/09\/de_Kamer_hiernaast_sfeer_05-700x700.jpg 700w, https:\/\/www.dekamerhiernaast.nl\/wp-content\/uploads\/2024\/09\/de_Kamer_hiernaast_sfeer_05-100x100.jpg 100w, https:\/\/www.dekamerhiernaast.nl\/wp-content\/uploads\/2024\/09\/de_Kamer_hiernaast_sfeer_05.jpg 724w\" sizes=\"(max-width: 394px) 100vw, 394px\" \/><\/a><div class=\"gallery-text\"><div class=\"image-title\">de_Kamer_hiernaast_sfeer_05<\/div><\/div><\/div><div class=\"col-sm-4 col-lg-4\"><a data-toggle=\"lightbox\" data-gallery=\"multiimages\" data-title=\"\"  class=\"thumbnail img-thumbnail\" href='https:\/\/www.dekamerhiernaast.nl\/wp-content\/uploads\/2024\/09\/de_Kamer_hiernaast_sfeer_groot_03-838x950.jpg'><img decoding=\"async\" width=\"394\" height=\"394\" src=\"https:\/\/www.dekamerhiernaast.nl\/wp-content\/uploads\/2024\/09\/de_Kamer_hiernaast_sfeer_groot_03-394x394.jpg\" class=\"attachment-th_img_sm_square size-th_img_sm_square\" alt=\"\" srcset=\"https:\/\/www.dekamerhiernaast.nl\/wp-content\/uploads\/2024\/09\/de_Kamer_hiernaast_sfeer_groot_03-394x394.jpg 394w, https:\/\/www.dekamerhiernaast.nl\/wp-content\/uploads\/2024\/09\/de_Kamer_hiernaast_sfeer_groot_03-150x150.jpg 150w, https:\/\/www.dekamerhiernaast.nl\/wp-content\/uploads\/2024\/09\/de_Kamer_hiernaast_sfeer_groot_03-605x605.jpg 605w\" sizes=\"(max-width: 394px) 100vw, 394px\" \/><\/a><div class=\"gallery-text\"><div class=\"image-title\">de_Kamer_hiernaast_sfeer_groot_03<\/div><\/div><\/div><\/div><\/div>\t\t<\/div>\n\t\t\t\t\t\t<\/div>\n\t\t\t\t<\/div>\n\t\t\t\t\t<\/div>\n\t\t<\/div>\n\t\t\t\t\t<\/div>\n\t\t<\/section>\n\t\t\t\t<section class=\"elementor-section elementor-top-section elementor-element elementor-element-ca5d852 elementor-section-boxed elementor-section-height-default elementor-section-height-default\" data-id=\"ca5d852\" data-element_type=\"section\" data-e-type=\"section\">\n\t\t\t\t\t\t<div class=\"elementor-container elementor-column-gap-default\">\n\t\t\t\t\t<div class=\"elementor-column elementor-col-100 elementor-top-column elementor-element elementor-element-f5b3d28\" data-id=\"f5b3d28\" data-element_type=\"column\" data-e-type=\"column\">\n\t\t\t<div class=\"elementor-widget-wrap\">\n\t\t\t\t\t\t\t<\/div>\n\t\t<\/div>\n\t\t\t\t\t<\/div>\n\t\t<\/section>\n\t\t\t\t<\/div>\n\t\t","protected":false},"excerpt":{"rendered":"<p>Bienvenue ! Et se sentir chez soi LA CHAMBRE La chambre spacieuse et agr\u00e9ablement d\u00e9cor\u00e9e. Une chambre avec une grande table (de travail), un coin salon, un bon lit, une t\u00e9l\u00e9vision et une salle de bain priv\u00e9e. Bien s\u00fbr, le &hellip; <a href=\"https:\/\/www.dekamerhiernaast.nl\/fr\/la-chambre\/\">Read More<\/a><\/p>\n","protected":false},"author":3635,"featured_media":0,"parent":0,"menu_order":1,"comment_status":"closed","ping_status":"closed","template":"","meta":{"footnotes":""},"class_list":["post-547","page","type-page","status-publish","hentry"],"yoast_head":"<!-- This site is optimized with the Yoast SEO plugin v27.3 - https:\/\/yoast.com\/product\/yoast-seo-wordpress\/ -->\n<title>La Chambre - b&amp;b de Kamer hiernaast<\/title>\n<meta name=\"robots\" content=\"index, follow, max-snippet:-1, max-image-preview:large, max-video-preview:-1\" \/>\n<link rel=\"canonical\" href=\"https:\/\/www.dekamerhiernaast.nl\/fr\/la-chambre\/\" \/>\n<meta property=\"og:locale\" content=\"fr_FR\" \/>\n<meta property=\"og:type\" content=\"article\" \/>\n<meta property=\"og:title\" content=\"La Chambre - b&amp;b de Kamer hiernaast\" \/>\n<meta property=\"og:description\" content=\"Bienvenue ! Et se sentir chez soi LA CHAMBRE La chambre spacieuse et agr\u00e9ablement d\u00e9cor\u00e9e. Une chambre avec une grande table (de travail), un coin salon, un bon lit, une t\u00e9l\u00e9vision et une salle de bain priv\u00e9e. Bien s\u00fbr, le &hellip; Read More\" \/>\n<meta property=\"og:url\" content=\"https:\/\/www.dekamerhiernaast.nl\/fr\/la-chambre\/\" \/>\n<meta property=\"og:site_name\" content=\"b&amp;b de Kamer hiernaast\" \/>\n<meta property=\"article:modified_time\" content=\"2024-12-20T14:06:49+00:00\" \/>\n<meta property=\"og:image\" content=\"https:\/\/www.dekamerhiernaast.nl\/wp-content\/uploads\/elementor\/thumbs\/de_Kamer_hiernaast_sfeer_groot_09-qyp179yaa5kpsricd0r1idds4gc5jbh83mq1vvxts0.jpg\" \/>\n<meta name=\"twitter:card\" content=\"summary_large_image\" \/>\n<meta name=\"twitter:label1\" content=\"Dur\u00e9e de lecture estim\u00e9e\" \/>\n\t<meta name=\"twitter:data1\" content=\"2 minutes\" \/>\n<script type=\"application\/ld+json\" class=\"yoast-schema-graph\">{\"@context\":\"https:\\\/\\\/schema.org\",\"@graph\":[{\"@type\":\"WebPage\",\"@id\":\"https:\\\/\\\/www.dekamerhiernaast.nl\\\/fr\\\/la-chambre\\\/\",\"url\":\"https:\\\/\\\/www.dekamerhiernaast.nl\\\/fr\\\/la-chambre\\\/\",\"name\":\"La Chambre - b&amp;b de Kamer hiernaast\",\"isPartOf\":{\"@id\":\"https:\\\/\\\/www.dekamerhiernaast.nl\\\/fr\\\/#website\"},\"primaryImageOfPage\":{\"@id\":\"https:\\\/\\\/www.dekamerhiernaast.nl\\\/fr\\\/la-chambre\\\/#primaryimage\"},\"image\":{\"@id\":\"https:\\\/\\\/www.dekamerhiernaast.nl\\\/fr\\\/la-chambre\\\/#primaryimage\"},\"thumbnailUrl\":\"https:\\\/\\\/www.dekamerhiernaast.nl\\\/wp-content\\\/uploads\\\/elementor\\\/thumbs\\\/de_Kamer_hiernaast_sfeer_groot_09-qyp179yaa5kpsricd0r1idds4gc5jbh83mq1vvxts0.jpg\",\"datePublished\":\"2024-06-26T10:54:38+00:00\",\"dateModified\":\"2024-12-20T14:06:49+00:00\",\"breadcrumb\":{\"@id\":\"https:\\\/\\\/www.dekamerhiernaast.nl\\\/fr\\\/la-chambre\\\/#breadcrumb\"},\"inLanguage\":\"fr-FR\",\"potentialAction\":[{\"@type\":\"ReadAction\",\"target\":[\"https:\\\/\\\/www.dekamerhiernaast.nl\\\/fr\\\/la-chambre\\\/\"]}]},{\"@type\":\"ImageObject\",\"inLanguage\":\"fr-FR\",\"@id\":\"https:\\\/\\\/www.dekamerhiernaast.nl\\\/fr\\\/la-chambre\\\/#primaryimage\",\"url\":\"https:\\\/\\\/www.dekamerhiernaast.nl\\\/wp-content\\\/uploads\\\/elementor\\\/thumbs\\\/de_Kamer_hiernaast_sfeer_groot_09-qyp179yaa5kpsricd0r1idds4gc5jbh83mq1vvxts0.jpg\",\"contentUrl\":\"https:\\\/\\\/www.dekamerhiernaast.nl\\\/wp-content\\\/uploads\\\/elementor\\\/thumbs\\\/de_Kamer_hiernaast_sfeer_groot_09-qyp179yaa5kpsricd0r1idds4gc5jbh83mq1vvxts0.jpg\"},{\"@type\":\"BreadcrumbList\",\"@id\":\"https:\\\/\\\/www.dekamerhiernaast.nl\\\/fr\\\/la-chambre\\\/#breadcrumb\",\"itemListElement\":[{\"@type\":\"ListItem\",\"position\":1,\"name\":\"Home\",\"item\":\"https:\\\/\\\/www.dekamerhiernaast.nl\\\/fr\\\/page-daccueil\\\/\"},{\"@type\":\"ListItem\",\"position\":2,\"name\":\"La Chambre\"}]},{\"@type\":\"WebSite\",\"@id\":\"https:\\\/\\\/www.dekamerhiernaast.nl\\\/fr\\\/#website\",\"url\":\"https:\\\/\\\/www.dekamerhiernaast.nl\\\/fr\\\/\",\"name\":\"b&amp;b de Kamer hiernaast\",\"description\":\"Bed en Breakfast in Gouda\",\"publisher\":{\"@id\":\"https:\\\/\\\/www.dekamerhiernaast.nl\\\/fr\\\/#organization\"},\"potentialAction\":[{\"@type\":\"SearchAction\",\"target\":{\"@type\":\"EntryPoint\",\"urlTemplate\":\"https:\\\/\\\/www.dekamerhiernaast.nl\\\/fr\\\/?s={search_term_string}\"},\"query-input\":{\"@type\":\"PropertyValueSpecification\",\"valueRequired\":true,\"valueName\":\"search_term_string\"}}],\"inLanguage\":\"fr-FR\"},{\"@type\":\"Organization\",\"@id\":\"https:\\\/\\\/www.dekamerhiernaast.nl\\\/fr\\\/#organization\",\"name\":\"b&amp;b de Kamer hiernaast\",\"url\":\"https:\\\/\\\/www.dekamerhiernaast.nl\\\/fr\\\/\",\"logo\":{\"@type\":\"ImageObject\",\"inLanguage\":\"fr-FR\",\"@id\":\"https:\\\/\\\/www.dekamerhiernaast.nl\\\/fr\\\/#\\\/schema\\\/logo\\\/image\\\/\",\"url\":\"https:\\\/\\\/www.dekamerhiernaast.nl\\\/wp-content\\\/uploads\\\/2021\\\/10\\\/LogoKamerHiernaast_2024_03.svg\",\"contentUrl\":\"https:\\\/\\\/www.dekamerhiernaast.nl\\\/wp-content\\\/uploads\\\/2021\\\/10\\\/LogoKamerHiernaast_2024_03.svg\",\"width\":270,\"height\":74,\"caption\":\"b&amp;b de Kamer hiernaast\"},\"image\":{\"@id\":\"https:\\\/\\\/www.dekamerhiernaast.nl\\\/fr\\\/#\\\/schema\\\/logo\\\/image\\\/\"}}]}<\/script>\n<!-- \/ Yoast SEO plugin. -->","yoast_head_json":{"title":"La Chambre - b&amp;b de Kamer hiernaast","robots":{"index":"index","follow":"follow","max-snippet":"max-snippet:-1","max-image-preview":"max-image-preview:large","max-video-preview":"max-video-preview:-1"},"canonical":"https:\/\/www.dekamerhiernaast.nl\/fr\/la-chambre\/","og_locale":"fr_FR","og_type":"article","og_title":"La Chambre - b&amp;b de Kamer hiernaast","og_description":"Bienvenue ! Et se sentir chez soi LA CHAMBRE La chambre spacieuse et agr\u00e9ablement d\u00e9cor\u00e9e. Une chambre avec une grande table (de travail), un coin salon, un bon lit, une t\u00e9l\u00e9vision et une salle de bain priv\u00e9e. Bien s\u00fbr, le &hellip; Read More","og_url":"https:\/\/www.dekamerhiernaast.nl\/fr\/la-chambre\/","og_site_name":"b&amp;b de Kamer hiernaast","article_modified_time":"2024-12-20T14:06:49+00:00","og_image":[{"url":"https:\/\/www.dekamerhiernaast.nl\/wp-content\/uploads\/elementor\/thumbs\/de_Kamer_hiernaast_sfeer_groot_09-qyp179yaa5kpsricd0r1idds4gc5jbh83mq1vvxts0.jpg","type":"","width":"","height":""}],"twitter_card":"summary_large_image","twitter_misc":{"Dur\u00e9e de lecture estim\u00e9e":"2 minutes"},"schema":{"@context":"https:\/\/schema.org","@graph":[{"@type":"WebPage","@id":"https:\/\/www.dekamerhiernaast.nl\/fr\/la-chambre\/","url":"https:\/\/www.dekamerhiernaast.nl\/fr\/la-chambre\/","name":"La Chambre - b&amp;b de Kamer hiernaast","isPartOf":{"@id":"https:\/\/www.dekamerhiernaast.nl\/fr\/#website"},"primaryImageOfPage":{"@id":"https:\/\/www.dekamerhiernaast.nl\/fr\/la-chambre\/#primaryimage"},"image":{"@id":"https:\/\/www.dekamerhiernaast.nl\/fr\/la-chambre\/#primaryimage"},"thumbnailUrl":"https:\/\/www.dekamerhiernaast.nl\/wp-content\/uploads\/elementor\/thumbs\/de_Kamer_hiernaast_sfeer_groot_09-qyp179yaa5kpsricd0r1idds4gc5jbh83mq1vvxts0.jpg","datePublished":"2024-06-26T10:54:38+00:00","dateModified":"2024-12-20T14:06:49+00:00","breadcrumb":{"@id":"https:\/\/www.dekamerhiernaast.nl\/fr\/la-chambre\/#breadcrumb"},"inLanguage":"fr-FR","potentialAction":[{"@type":"ReadAction","target":["https:\/\/www.dekamerhiernaast.nl\/fr\/la-chambre\/"]}]},{"@type":"ImageObject","inLanguage":"fr-FR","@id":"https:\/\/www.dekamerhiernaast.nl\/fr\/la-chambre\/#primaryimage","url":"https:\/\/www.dekamerhiernaast.nl\/wp-content\/uploads\/elementor\/thumbs\/de_Kamer_hiernaast_sfeer_groot_09-qyp179yaa5kpsricd0r1idds4gc5jbh83mq1vvxts0.jpg","contentUrl":"https:\/\/www.dekamerhiernaast.nl\/wp-content\/uploads\/elementor\/thumbs\/de_Kamer_hiernaast_sfeer_groot_09-qyp179yaa5kpsricd0r1idds4gc5jbh83mq1vvxts0.jpg"},{"@type":"BreadcrumbList","@id":"https:\/\/www.dekamerhiernaast.nl\/fr\/la-chambre\/#breadcrumb","itemListElement":[{"@type":"ListItem","position":1,"name":"Home","item":"https:\/\/www.dekamerhiernaast.nl\/fr\/page-daccueil\/"},{"@type":"ListItem","position":2,"name":"La Chambre"}]},{"@type":"WebSite","@id":"https:\/\/www.dekamerhiernaast.nl\/fr\/#website","url":"https:\/\/www.dekamerhiernaast.nl\/fr\/","name":"b&amp;b de Kamer hiernaast","description":"Bed en Breakfast in Gouda","publisher":{"@id":"https:\/\/www.dekamerhiernaast.nl\/fr\/#organization"},"potentialAction":[{"@type":"SearchAction","target":{"@type":"EntryPoint","urlTemplate":"https:\/\/www.dekamerhiernaast.nl\/fr\/?s={search_term_string}"},"query-input":{"@type":"PropertyValueSpecification","valueRequired":true,"valueName":"search_term_string"}}],"inLanguage":"fr-FR"},{"@type":"Organization","@id":"https:\/\/www.dekamerhiernaast.nl\/fr\/#organization","name":"b&amp;b de Kamer hiernaast","url":"https:\/\/www.dekamerhiernaast.nl\/fr\/","logo":{"@type":"ImageObject","inLanguage":"fr-FR","@id":"https:\/\/www.dekamerhiernaast.nl\/fr\/#\/schema\/logo\/image\/","url":"https:\/\/www.dekamerhiernaast.nl\/wp-content\/uploads\/2021\/10\/LogoKamerHiernaast_2024_03.svg","contentUrl":"https:\/\/www.dekamerhiernaast.nl\/wp-content\/uploads\/2021\/10\/LogoKamerHiernaast_2024_03.svg","width":270,"height":74,"caption":"b&amp;b de Kamer hiernaast"},"image":{"@id":"https:\/\/www.dekamerhiernaast.nl\/fr\/#\/schema\/logo\/image\/"}}]}},"_links":{"self":[{"href":"https:\/\/www.dekamerhiernaast.nl\/fr\/wp-json\/wp\/v2\/pages\/547","targetHints":{"allow":["GET"]}}],"collection":[{"href":"https:\/\/www.dekamerhiernaast.nl\/fr\/wp-json\/wp\/v2\/pages"}],"about":[{"href":"https:\/\/www.dekamerhiernaast.nl\/fr\/wp-json\/wp\/v2\/types\/page"}],"author":[{"embeddable":true,"href":"https:\/\/www.dekamerhiernaast.nl\/fr\/wp-json\/wp\/v2\/users\/3635"}],"replies":[{"embeddable":true,"href":"https:\/\/www.dekamerhiernaast.nl\/fr\/wp-json\/wp\/v2\/comments?post=547"}],"version-history":[{"count":3,"href":"https:\/\/www.dekamerhiernaast.nl\/fr\/wp-json\/wp\/v2\/pages\/547\/revisions"}],"predecessor-version":[{"id":1486,"href":"https:\/\/www.dekamerhiernaast.nl\/fr\/wp-json\/wp\/v2\/pages\/547\/revisions\/1486"}],"wp:attachment":[{"href":"https:\/\/www.dekamerhiernaast.nl\/fr\/wp-json\/wp\/v2\/media?parent=547"}],"curies":[{"name":"wp","href":"https:\/\/api.w.org\/{rel}","templated":true}]}}