{"id":545,"date":"2021-10-21T10:32:05","date_gmt":"2021-10-21T10:32:05","guid":{"rendered":"http:\/\/www.maaltijdservicezoetermeer.nl\/page-daccueil\/"},"modified":"2024-12-20T14:05:54","modified_gmt":"2024-12-20T14:05:54","slug":"page-daccueil","status":"publish","type":"page","link":"https:\/\/www.dekamerhiernaast.nl\/fr\/","title":{"rendered":"Page d&rsquo;accueil"},"content":{"rendered":"\t\t<div data-elementor-type=\"wp-page\" data-elementor-id=\"545\" class=\"elementor elementor-545 elementor-26\" data-elementor-post-type=\"page\">\n\t\t\t\t\t\t<section class=\"elementor-section elementor-top-section elementor-element elementor-element-a980140 elementor-section-height-min-height elementor-section-boxed elementor-section-height-default elementor-section-items-middle\" data-id=\"a980140\" data-element_type=\"section\" data-e-type=\"section\" data-settings=\"{&quot;background_background&quot;:&quot;classic&quot;}\">\n\t\t\t\t\t\t<div class=\"elementor-container elementor-column-gap-no\">\n\t\t\t\t\t<div class=\"elementor-column elementor-col-100 elementor-top-column elementor-element elementor-element-8812f17\" data-id=\"8812f17\" data-element_type=\"column\" data-e-type=\"column\" data-settings=\"{&quot;background_background&quot;:&quot;classic&quot;}\">\n\t\t\t<div class=\"elementor-widget-wrap\">\n\t\t\t\t\t\t\t<\/div>\n\t\t<\/div>\n\t\t\t\t\t<\/div>\n\t\t<\/section>\n\t\t\t\t<section class=\"elementor-section elementor-top-section elementor-element elementor-element-0648f5e elementor-section-boxed elementor-section-height-default elementor-section-height-default\" data-id=\"0648f5e\" data-element_type=\"section\" data-e-type=\"section\" data-settings=\"{&quot;background_background&quot;:&quot;classic&quot;}\">\n\t\t\t\t\t\t\t<div class=\"elementor-background-overlay\"><\/div>\n\t\t\t\t\t\t\t<div class=\"elementor-container elementor-column-gap-default\">\n\t\t\t\t\t<div class=\"elementor-column elementor-col-100 elementor-top-column elementor-element elementor-element-9e9f308\" data-id=\"9e9f308\" data-element_type=\"column\" data-e-type=\"column\">\n\t\t\t<div class=\"elementor-widget-wrap elementor-element-populated\">\n\t\t\t\t\t\t<div class=\"elementor-element elementor-element-5258367e elementor-widget-tablet__width-inherit elementor-widget-mobile__width-inherit elementor-widget elementor-widget-heading\" data-id=\"5258367e\" data-element_type=\"widget\" data-e-type=\"widget\" data-widget_type=\"heading.default\">\n\t\t\t\t<div class=\"elementor-widget-container\">\n\t\t\t\t\t<h2 class=\"elementor-heading-title elementor-size-default\">Pour une visite inoubliable \u00e0 Gouda<\/h2>\t\t\t\t<\/div>\n\t\t\t\t<\/div>\n\t\t\t\t\t<\/div>\n\t\t<\/div>\n\t\t\t\t\t<\/div>\n\t\t<\/section>\n\t\t\t\t<section class=\"elementor-section elementor-top-section elementor-element elementor-element-78eb8aec elementor-section-full_width elementor-section-height-default elementor-section-height-default\" data-id=\"78eb8aec\" data-element_type=\"section\" data-e-type=\"section\" data-settings=\"{&quot;background_background&quot;:&quot;classic&quot;}\">\n\t\t\t\t\t\t<div class=\"elementor-container elementor-column-gap-default\">\n\t\t\t\t\t<div class=\"elementor-column elementor-col-100 elementor-top-column elementor-element elementor-element-44a98903\" data-id=\"44a98903\" data-element_type=\"column\" data-e-type=\"column\">\n\t\t\t<div class=\"elementor-widget-wrap elementor-element-populated\">\n\t\t\t\t\t\t<section class=\"elementor-section elementor-inner-section elementor-element elementor-element-e36124c elementor-section-boxed elementor-section-height-default elementor-section-height-default\" data-id=\"e36124c\" data-element_type=\"section\" data-e-type=\"section\">\n\t\t\t\t\t\t<div class=\"elementor-container elementor-column-gap-no\">\n\t\t\t\t\t<div class=\"elementor-column elementor-col-50 elementor-inner-column elementor-element elementor-element-6148ae6\" data-id=\"6148ae6\" data-element_type=\"column\" data-e-type=\"column\" data-settings=\"{&quot;background_background&quot;:&quot;classic&quot;}\">\n\t\t\t<div class=\"elementor-widget-wrap elementor-element-populated\">\n\t\t\t\t\t\t<div class=\"elementor-element elementor-element-1e10cb4f elementor-widget elementor-widget-image\" data-id=\"1e10cb4f\" data-element_type=\"widget\" data-e-type=\"widget\" data-widget_type=\"image.default\">\n\t\t\t\t<div class=\"elementor-widget-container\">\n\t\t\t\t\t\t\t\t\t\t\t\t\t\t\t<img decoding=\"async\" src=\"https:\/\/www.dekamerhiernaast.nl\/wp-content\/uploads\/elementor\/thumbs\/de_Kamer_hiernaast_sfeer_groot_07-qyp179yaa5kpsricd0r1idds4gc5jbh83mq24jx3ck.jpg\" title=\"de_Kamer_hiernaast_sfeer_groot_07\" alt=\"de_Kamer_hiernaast_sfeer_groot_07\" loading=\"lazy\" \/>\t\t\t\t\t\t\t\t\t\t\t\t\t\t\t<\/div>\n\t\t\t\t<\/div>\n\t\t\t\t\t<\/div>\n\t\t<\/div>\n\t\t\t\t<div class=\"elementor-column elementor-col-50 elementor-inner-column elementor-element elementor-element-596503b\" data-id=\"596503b\" data-element_type=\"column\" data-e-type=\"column\">\n\t\t\t<div class=\"elementor-widget-wrap elementor-element-populated\">\n\t\t\t\t\t\t<div class=\"elementor-element elementor-element-8f06315 elementor-widget elementor-widget-heading\" data-id=\"8f06315\" data-element_type=\"widget\" data-e-type=\"widget\" data-widget_type=\"heading.default\">\n\t\t\t\t<div class=\"elementor-widget-container\">\n\t\t\t\t\t<h2 class=\"elementor-heading-title elementor-size-default\">BIENVENUE<\/h2>\t\t\t\t<\/div>\n\t\t\t\t<\/div>\n\t\t\t\t<div class=\"elementor-element elementor-element-df3d6b7 elementor-widget elementor-widget-text-editor\" data-id=\"df3d6b7\" data-element_type=\"widget\" data-e-type=\"widget\" data-widget_type=\"text-editor.default\">\n\t\t\t\t<div class=\"elementor-widget-container\">\n\t\t\t\t\t\t\t\t\t<h4><strong><span style=\"color: #5e4328;\">Bienvenue dans notre chambre d&rsquo;h\u00f4tes De Kamer Hiernaast au c\u0153ur de la ville de Gouda !<\/span><\/strong><\/h4>\n\t\t\t\t\t\t\t\t<\/div>\n\t\t\t\t<\/div>\n\t\t\t\t<div class=\"elementor-element elementor-element-3f84c249 elementor-widget elementor-widget-text-editor\" data-id=\"3f84c249\" data-element_type=\"widget\" data-e-type=\"widget\" data-widget_type=\"text-editor.default\">\n\t\t\t\t<div class=\"elementor-widget-container\">\n\t\t\t\t\t\t\t\t\t<p style=\"font-weight: 400;\">Le Gouda, c&rsquo;est tellement amusant ! Une belle place du march\u00e9, des b\u00e2timents historiques, le bel h\u00f4tel de ville, la grande \u00e9glise St. Jan, le mus\u00e9e, les nombreuses boutiques, les restaurants et bien d&rsquo;autres choses encore&#8230; Et bien s\u00fbr, en \u00e9t\u00e9, le c\u00e9l\u00e8bre march\u00e9 aux fromages.<\/p>\n\t\t\t\t\t\t\t\t<\/div>\n\t\t\t\t<\/div>\n\t\t\t\t\t<\/div>\n\t\t<\/div>\n\t\t\t\t\t<\/div>\n\t\t<\/section>\n\t\t\t\t\t<\/div>\n\t\t<\/div>\n\t\t\t\t\t<\/div>\n\t\t<\/section>\n\t\t\t\t<section class=\"elementor-section elementor-top-section elementor-element elementor-element-2466c31b elementor-section-boxed elementor-section-height-default elementor-section-height-default\" data-id=\"2466c31b\" data-element_type=\"section\" data-e-type=\"section\" data-settings=\"{&quot;background_background&quot;:&quot;classic&quot;}\">\n\t\t\t\t\t\t<div class=\"elementor-container elementor-column-gap-no\">\n\t\t\t\t\t<div class=\"elementor-column elementor-col-50 elementor-top-column elementor-element elementor-element-523b041\" data-id=\"523b041\" data-element_type=\"column\" data-e-type=\"column\">\n\t\t\t<div class=\"elementor-widget-wrap elementor-element-populated\">\n\t\t\t\t\t\t<div class=\"elementor-element elementor-element-d7f7db7 elementor-widget elementor-widget-heading\" data-id=\"d7f7db7\" data-element_type=\"widget\" data-e-type=\"widget\" data-widget_type=\"heading.default\">\n\t\t\t\t<div class=\"elementor-widget-container\">\n\t\t\t\t\t<h2 class=\"elementor-heading-title elementor-size-default\"><a href=\"https:\/\/www.dekamerhiernaast.nl\/fr\/reservation\/\">R\u00c9SERVER<\/a><\/h2>\t\t\t\t<\/div>\n\t\t\t\t<\/div>\n\t\t\t\t<div class=\"elementor-element elementor-element-d2662df elementor-widget elementor-widget-text-editor\" data-id=\"d2662df\" data-element_type=\"widget\" data-e-type=\"widget\" data-widget_type=\"text-editor.default\">\n\t\t\t\t<div class=\"elementor-widget-container\">\n\t\t\t\t\t\t\t\t\t<p>Depuis notre chambre d&rsquo;h\u00f4tes, vous pouvez vous y rendre \u00e0 pied en un rien de temps. Sentez-vous comme un citoyen de la ville et promenez-vous tranquillement, Gouda a toutes les facilit\u00e9s d&rsquo;une ville, mais avec l&rsquo;atmosph\u00e8re d&rsquo;un village&#8230; Rendez-nous visite, et d\u00e9couvrez ce que Gouda a \u00e0 vous offrir ! La gare NS se trouvant \u00e0 quelques minutes de marche, vous pouvez facilement vous rendre \u00e0 La Haye, Delft, Leyde, Utrecht ou Rotterdam.<\/p>\n<p>Nous vivons dans un b\u00e2timent class\u00e9 au centre de la ville, avec De Kamer Hiernaast \u00e0 c\u00f4t\u00e9. Bienvenue \u00e0 tous.<\/p>\n<p><i>Sandra van der Poel et Arnoud Leemhuis<\/i><\/p>\n\t\t\t\t\t\t\t\t<\/div>\n\t\t\t\t<\/div>\n\t\t\t\t\t<\/div>\n\t\t<\/div>\n\t\t\t\t<div class=\"elementor-column elementor-col-50 elementor-top-column elementor-element elementor-element-33d7d76a\" data-id=\"33d7d76a\" data-element_type=\"column\" data-e-type=\"column\">\n\t\t\t<div class=\"elementor-widget-wrap elementor-element-populated\">\n\t\t\t\t\t\t<div class=\"elementor-element elementor-element-1d7014bd elementor-widget__width-initial elementor-widget elementor-widget-image\" data-id=\"1d7014bd\" data-element_type=\"widget\" data-e-type=\"widget\" data-widget_type=\"image.default\">\n\t\t\t\t<div class=\"elementor-widget-container\">\n\t\t\t\t\t\t\t\t\t\t\t\t\t\t\t<img fetchpriority=\"high\" decoding=\"async\" width=\"570\" height=\"370\" src=\"https:\/\/www.dekamerhiernaast.nl\/wp-content\/uploads\/2024\/10\/de_Kamer_hiernaast_sfeer_midden_02.jpg\" class=\"attachment-full size-full wp-image-867\" alt=\"\" srcset=\"https:\/\/www.dekamerhiernaast.nl\/wp-content\/uploads\/2024\/10\/de_Kamer_hiernaast_sfeer_midden_02.jpg 570w, https:\/\/www.dekamerhiernaast.nl\/wp-content\/uploads\/2024\/10\/de_Kamer_hiernaast_sfeer_midden_02-300x195.jpg 300w, https:\/\/www.dekamerhiernaast.nl\/wp-content\/uploads\/2024\/10\/de_Kamer_hiernaast_sfeer_midden_02-123x80.jpg 123w, https:\/\/www.dekamerhiernaast.nl\/wp-content\/uploads\/2024\/10\/de_Kamer_hiernaast_sfeer_midden_02-394x256.jpg 394w, https:\/\/www.dekamerhiernaast.nl\/wp-content\/uploads\/2024\/10\/de_Kamer_hiernaast_sfeer_midden_02-154x100.jpg 154w\" sizes=\"(max-width: 570px) 100vw, 570px\" \/>\t\t\t\t\t\t\t\t\t\t\t\t\t\t\t<\/div>\n\t\t\t\t<\/div>\n\t\t\t\t\t<\/div>\n\t\t<\/div>\n\t\t\t\t\t<\/div>\n\t\t<\/section>\n\t\t\t\t<section class=\"elementor-section elementor-top-section elementor-element elementor-element-21d0a1a7 elementor-section-boxed elementor-section-height-default elementor-section-height-default\" data-id=\"21d0a1a7\" data-element_type=\"section\" data-e-type=\"section\" data-settings=\"{&quot;background_background&quot;:&quot;classic&quot;}\">\n\t\t\t\t\t\t<div class=\"elementor-container elementor-column-gap-no\">\n\t\t\t\t\t<div class=\"elementor-column elementor-col-100 elementor-top-column elementor-element elementor-element-6ded2dfb\" data-id=\"6ded2dfb\" data-element_type=\"column\" data-e-type=\"column\">\n\t\t\t<div class=\"elementor-widget-wrap elementor-element-populated\">\n\t\t\t\t\t\t<div class=\"elementor-element elementor-element-2f57cf55 elementor-widget elementor-widget-themo-image-gallery\" data-id=\"2f57cf55\" data-element_type=\"widget\" data-e-type=\"widget\" data-widget_type=\"themo-image-gallery.default\">\n\t\t\t\t<div class=\"elementor-widget-container\">\n\t\t\t\t\t\t\t<div class=\"elementor-image-gallery th-image-stretch\">\n\t\t\t<div class=\"gallery gallery-545-1\"><div class=\"row gallery-row\"><div class=\"col-sm-4 col-lg-4\"><a data-toggle=\"lightbox\" data-gallery=\"multiimages\" data-title=\"\"  class=\"thumbnail img-thumbnail\" href='https:\/\/www.dekamerhiernaast.nl\/wp-content\/uploads\/2024\/09\/de_Kamer_hiernaast_sfeer_09.jpg'><img decoding=\"async\" width=\"394\" height=\"394\" src=\"https:\/\/www.dekamerhiernaast.nl\/wp-content\/uploads\/2024\/09\/de_Kamer_hiernaast_sfeer_09-394x394.jpg\" class=\"attachment-th_img_sm_square size-th_img_sm_square\" alt=\"\" srcset=\"https:\/\/www.dekamerhiernaast.nl\/wp-content\/uploads\/2024\/09\/de_Kamer_hiernaast_sfeer_09-394x394.jpg 394w, https:\/\/www.dekamerhiernaast.nl\/wp-content\/uploads\/2024\/09\/de_Kamer_hiernaast_sfeer_09-300x300.jpg 300w, https:\/\/www.dekamerhiernaast.nl\/wp-content\/uploads\/2024\/09\/de_Kamer_hiernaast_sfeer_09-150x150.jpg 150w, https:\/\/www.dekamerhiernaast.nl\/wp-content\/uploads\/2024\/09\/de_Kamer_hiernaast_sfeer_09-80x80.jpg 80w, https:\/\/www.dekamerhiernaast.nl\/wp-content\/uploads\/2024\/09\/de_Kamer_hiernaast_sfeer_09-303x303.jpg 303w, https:\/\/www.dekamerhiernaast.nl\/wp-content\/uploads\/2024\/09\/de_Kamer_hiernaast_sfeer_09-605x605.jpg 605w, https:\/\/www.dekamerhiernaast.nl\/wp-content\/uploads\/2024\/09\/de_Kamer_hiernaast_sfeer_09-700x700.jpg 700w, https:\/\/www.dekamerhiernaast.nl\/wp-content\/uploads\/2024\/09\/de_Kamer_hiernaast_sfeer_09-100x100.jpg 100w, https:\/\/www.dekamerhiernaast.nl\/wp-content\/uploads\/2024\/09\/de_Kamer_hiernaast_sfeer_09.jpg 724w\" sizes=\"(max-width: 394px) 100vw, 394px\" \/><\/a><div class=\"gallery-text\"><div class=\"image-title\">de_Kamer_hiernaast_sfeer_09<\/div><\/div><\/div><div class=\"col-sm-4 col-lg-4\"><a data-toggle=\"lightbox\" data-gallery=\"multiimages\" data-title=\"\"  class=\"thumbnail img-thumbnail\" href='https:\/\/www.dekamerhiernaast.nl\/wp-content\/uploads\/2024\/06\/de_Kamer_hiernaast_sfeer_01.jpg'><img decoding=\"async\" width=\"362\" height=\"362\" src=\"https:\/\/www.dekamerhiernaast.nl\/wp-content\/uploads\/2024\/06\/de_Kamer_hiernaast_sfeer_01.jpg\" class=\"attachment-th_img_sm_square size-th_img_sm_square\" alt=\"\" srcset=\"https:\/\/www.dekamerhiernaast.nl\/wp-content\/uploads\/2024\/06\/de_Kamer_hiernaast_sfeer_01.jpg 362w, https:\/\/www.dekamerhiernaast.nl\/wp-content\/uploads\/2024\/06\/de_Kamer_hiernaast_sfeer_01-300x300.jpg 300w, https:\/\/www.dekamerhiernaast.nl\/wp-content\/uploads\/2024\/06\/de_Kamer_hiernaast_sfeer_01-150x150.jpg 150w, https:\/\/www.dekamerhiernaast.nl\/wp-content\/uploads\/2024\/06\/de_Kamer_hiernaast_sfeer_01-80x80.jpg 80w, https:\/\/www.dekamerhiernaast.nl\/wp-content\/uploads\/2024\/06\/de_Kamer_hiernaast_sfeer_01-303x303.jpg 303w, https:\/\/www.dekamerhiernaast.nl\/wp-content\/uploads\/2024\/06\/de_Kamer_hiernaast_sfeer_01-100x100.jpg 100w\" sizes=\"(max-width: 362px) 100vw, 362px\" \/><\/a><div class=\"gallery-text\"><div class=\"image-title\">de_Kamer_hiernaast_sfeer_01<\/div><\/div><\/div><div class=\"col-sm-4 col-lg-4\"><a data-toggle=\"lightbox\" data-gallery=\"multiimages\" data-title=\"\"  class=\"thumbnail img-thumbnail\" href='https:\/\/www.dekamerhiernaast.nl\/wp-content\/uploads\/2024\/09\/de_Kamer_hiernaast_sfeer_06.jpg'><img loading=\"lazy\" decoding=\"async\" width=\"394\" height=\"394\" src=\"https:\/\/www.dekamerhiernaast.nl\/wp-content\/uploads\/2024\/09\/de_Kamer_hiernaast_sfeer_06-394x394.jpg\" class=\"attachment-th_img_sm_square size-th_img_sm_square\" alt=\"\" srcset=\"https:\/\/www.dekamerhiernaast.nl\/wp-content\/uploads\/2024\/09\/de_Kamer_hiernaast_sfeer_06-394x394.jpg 394w, https:\/\/www.dekamerhiernaast.nl\/wp-content\/uploads\/2024\/09\/de_Kamer_hiernaast_sfeer_06-300x300.jpg 300w, https:\/\/www.dekamerhiernaast.nl\/wp-content\/uploads\/2024\/09\/de_Kamer_hiernaast_sfeer_06-150x150.jpg 150w, https:\/\/www.dekamerhiernaast.nl\/wp-content\/uploads\/2024\/09\/de_Kamer_hiernaast_sfeer_06-80x80.jpg 80w, https:\/\/www.dekamerhiernaast.nl\/wp-content\/uploads\/2024\/09\/de_Kamer_hiernaast_sfeer_06-303x303.jpg 303w, https:\/\/www.dekamerhiernaast.nl\/wp-content\/uploads\/2024\/09\/de_Kamer_hiernaast_sfeer_06-605x605.jpg 605w, https:\/\/www.dekamerhiernaast.nl\/wp-content\/uploads\/2024\/09\/de_Kamer_hiernaast_sfeer_06-700x700.jpg 700w, https:\/\/www.dekamerhiernaast.nl\/wp-content\/uploads\/2024\/09\/de_Kamer_hiernaast_sfeer_06-100x100.jpg 100w, https:\/\/www.dekamerhiernaast.nl\/wp-content\/uploads\/2024\/09\/de_Kamer_hiernaast_sfeer_06.jpg 724w\" sizes=\"(max-width: 394px) 100vw, 394px\" \/><\/a><div class=\"gallery-text\"><div class=\"image-title\">de_Kamer_hiernaast_sfeer_06<\/div><\/div><\/div><\/div><\/div>\t\t<\/div>\n\t\t\t\t\t\t<\/div>\n\t\t\t\t<\/div>\n\t\t\t\t\t<\/div>\n\t\t<\/div>\n\t\t\t\t\t<\/div>\n\t\t<\/section>\n\t\t\t\t<\/div>\n\t\t","protected":false},"excerpt":{"rendered":"<p>Pour une visite inoubliable \u00e0 Gouda BIENVENUE Bienvenue dans notre chambre d&rsquo;h\u00f4tes De Kamer Hiernaast au c\u0153ur de la ville de Gouda ! Le Gouda, c&rsquo;est tellement amusant ! Une belle place du march\u00e9, des b\u00e2timents historiques, le bel h\u00f4tel &hellip; <a href=\"https:\/\/www.dekamerhiernaast.nl\/fr\/\">Read More<\/a><\/p>\n","protected":false},"author":3635,"featured_media":0,"parent":0,"menu_order":0,"comment_status":"closed","ping_status":"closed","template":"","meta":{"footnotes":""},"class_list":["post-545","page","type-page","status-publish","hentry"],"yoast_head":"<!-- This site is optimized with the Yoast SEO plugin v27.3 - https:\/\/yoast.com\/product\/yoast-seo-wordpress\/ -->\n<title>Page d&#039;accueil - b&amp;b de Kamer hiernaast<\/title>\n<meta name=\"robots\" content=\"index, follow, max-snippet:-1, max-image-preview:large, max-video-preview:-1\" \/>\n<link rel=\"canonical\" href=\"https:\/\/www.dekamerhiernaast.nl\/fr\/\" \/>\n<meta property=\"og:locale\" content=\"fr_FR\" \/>\n<meta property=\"og:type\" content=\"article\" \/>\n<meta property=\"og:title\" content=\"Page d&#039;accueil - b&amp;b de Kamer hiernaast\" \/>\n<meta property=\"og:description\" content=\"Pour une visite inoubliable \u00e0 Gouda BIENVENUE Bienvenue dans notre chambre d&rsquo;h\u00f4tes De Kamer Hiernaast au c\u0153ur de la ville de Gouda ! Le Gouda, c&rsquo;est tellement amusant ! Une belle place du march\u00e9, des b\u00e2timents historiques, le bel h\u00f4tel &hellip; Read More\" \/>\n<meta property=\"og:url\" content=\"https:\/\/www.dekamerhiernaast.nl\/fr\/\" \/>\n<meta property=\"og:site_name\" content=\"b&amp;b de Kamer hiernaast\" \/>\n<meta property=\"article:modified_time\" content=\"2024-12-20T14:05:54+00:00\" \/>\n<meta property=\"og:image\" content=\"https:\/\/www.dekamerhiernaast.nl\/wp-content\/uploads\/elementor\/thumbs\/de_Kamer_hiernaast_sfeer_groot_07-qyp179yaa5kpsricd0r1idds4gc5jbh83mq24jx3ck.jpg\" \/>\n<meta name=\"twitter:card\" content=\"summary_large_image\" \/>\n<meta name=\"twitter:label1\" content=\"Dur\u00e9e de lecture estim\u00e9e\" \/>\n\t<meta name=\"twitter:data1\" content=\"2 minutes\" \/>\n<script type=\"application\/ld+json\" class=\"yoast-schema-graph\">{\"@context\":\"https:\\\/\\\/schema.org\",\"@graph\":[{\"@type\":\"WebPage\",\"@id\":\"https:\\\/\\\/www.dekamerhiernaast.nl\\\/fr\\\/\",\"url\":\"https:\\\/\\\/www.dekamerhiernaast.nl\\\/fr\\\/\",\"name\":\"Page d'accueil - b&amp;b de Kamer hiernaast\",\"isPartOf\":{\"@id\":\"https:\\\/\\\/www.dekamerhiernaast.nl\\\/fr\\\/#website\"},\"primaryImageOfPage\":{\"@id\":\"https:\\\/\\\/www.dekamerhiernaast.nl\\\/fr\\\/#primaryimage\"},\"image\":{\"@id\":\"https:\\\/\\\/www.dekamerhiernaast.nl\\\/fr\\\/#primaryimage\"},\"thumbnailUrl\":\"https:\\\/\\\/www.dekamerhiernaast.nl\\\/wp-content\\\/uploads\\\/elementor\\\/thumbs\\\/de_Kamer_hiernaast_sfeer_groot_07-qyp179yaa5kpsricd0r1idds4gc5jbh83mq24jx3ck.jpg\",\"datePublished\":\"2021-10-21T10:32:05+00:00\",\"dateModified\":\"2024-12-20T14:05:54+00:00\",\"breadcrumb\":{\"@id\":\"https:\\\/\\\/www.dekamerhiernaast.nl\\\/fr\\\/#breadcrumb\"},\"inLanguage\":\"fr-FR\",\"potentialAction\":[{\"@type\":\"ReadAction\",\"target\":[\"https:\\\/\\\/www.dekamerhiernaast.nl\\\/fr\\\/\"]}]},{\"@type\":\"ImageObject\",\"inLanguage\":\"fr-FR\",\"@id\":\"https:\\\/\\\/www.dekamerhiernaast.nl\\\/fr\\\/#primaryimage\",\"url\":\"https:\\\/\\\/www.dekamerhiernaast.nl\\\/wp-content\\\/uploads\\\/elementor\\\/thumbs\\\/de_Kamer_hiernaast_sfeer_groot_07-qyp179yaa5kpsricd0r1idds4gc5jbh83mq24jx3ck.jpg\",\"contentUrl\":\"https:\\\/\\\/www.dekamerhiernaast.nl\\\/wp-content\\\/uploads\\\/elementor\\\/thumbs\\\/de_Kamer_hiernaast_sfeer_groot_07-qyp179yaa5kpsricd0r1idds4gc5jbh83mq24jx3ck.jpg\"},{\"@type\":\"BreadcrumbList\",\"@id\":\"https:\\\/\\\/www.dekamerhiernaast.nl\\\/fr\\\/#breadcrumb\",\"itemListElement\":[{\"@type\":\"ListItem\",\"position\":1,\"name\":\"Home\",\"item\":\"https:\\\/\\\/www.dekamerhiernaast.nl\\\/fr\\\/page-daccueil\\\/\"},{\"@type\":\"ListItem\",\"position\":2,\"name\":\"Page d&rsquo;accueil\"}]},{\"@type\":\"WebSite\",\"@id\":\"https:\\\/\\\/www.dekamerhiernaast.nl\\\/fr\\\/#website\",\"url\":\"https:\\\/\\\/www.dekamerhiernaast.nl\\\/fr\\\/\",\"name\":\"b&amp;b de Kamer hiernaast\",\"description\":\"Bed en Breakfast in Gouda\",\"publisher\":{\"@id\":\"https:\\\/\\\/www.dekamerhiernaast.nl\\\/fr\\\/#organization\"},\"potentialAction\":[{\"@type\":\"SearchAction\",\"target\":{\"@type\":\"EntryPoint\",\"urlTemplate\":\"https:\\\/\\\/www.dekamerhiernaast.nl\\\/fr\\\/?s={search_term_string}\"},\"query-input\":{\"@type\":\"PropertyValueSpecification\",\"valueRequired\":true,\"valueName\":\"search_term_string\"}}],\"inLanguage\":\"fr-FR\"},{\"@type\":\"Organization\",\"@id\":\"https:\\\/\\\/www.dekamerhiernaast.nl\\\/fr\\\/#organization\",\"name\":\"b&amp;b de Kamer hiernaast\",\"url\":\"https:\\\/\\\/www.dekamerhiernaast.nl\\\/fr\\\/\",\"logo\":{\"@type\":\"ImageObject\",\"inLanguage\":\"fr-FR\",\"@id\":\"https:\\\/\\\/www.dekamerhiernaast.nl\\\/fr\\\/#\\\/schema\\\/logo\\\/image\\\/\",\"url\":\"https:\\\/\\\/www.dekamerhiernaast.nl\\\/wp-content\\\/uploads\\\/2021\\\/10\\\/LogoKamerHiernaast_2024_03.svg\",\"contentUrl\":\"https:\\\/\\\/www.dekamerhiernaast.nl\\\/wp-content\\\/uploads\\\/2021\\\/10\\\/LogoKamerHiernaast_2024_03.svg\",\"width\":270,\"height\":74,\"caption\":\"b&amp;b de Kamer hiernaast\"},\"image\":{\"@id\":\"https:\\\/\\\/www.dekamerhiernaast.nl\\\/fr\\\/#\\\/schema\\\/logo\\\/image\\\/\"}}]}<\/script>\n<!-- \/ Yoast SEO plugin. -->","yoast_head_json":{"title":"Page d'accueil - b&amp;b de Kamer hiernaast","robots":{"index":"index","follow":"follow","max-snippet":"max-snippet:-1","max-image-preview":"max-image-preview:large","max-video-preview":"max-video-preview:-1"},"canonical":"https:\/\/www.dekamerhiernaast.nl\/fr\/","og_locale":"fr_FR","og_type":"article","og_title":"Page d'accueil - b&amp;b de Kamer hiernaast","og_description":"Pour une visite inoubliable \u00e0 Gouda BIENVENUE Bienvenue dans notre chambre d&rsquo;h\u00f4tes De Kamer Hiernaast au c\u0153ur de la ville de Gouda ! Le Gouda, c&rsquo;est tellement amusant ! Une belle place du march\u00e9, des b\u00e2timents historiques, le bel h\u00f4tel &hellip; Read More","og_url":"https:\/\/www.dekamerhiernaast.nl\/fr\/","og_site_name":"b&amp;b de Kamer hiernaast","article_modified_time":"2024-12-20T14:05:54+00:00","og_image":[{"url":"https:\/\/www.dekamerhiernaast.nl\/wp-content\/uploads\/elementor\/thumbs\/de_Kamer_hiernaast_sfeer_groot_07-qyp179yaa5kpsricd0r1idds4gc5jbh83mq24jx3ck.jpg","type":"","width":"","height":""}],"twitter_card":"summary_large_image","twitter_misc":{"Dur\u00e9e de lecture estim\u00e9e":"2 minutes"},"schema":{"@context":"https:\/\/schema.org","@graph":[{"@type":"WebPage","@id":"https:\/\/www.dekamerhiernaast.nl\/fr\/","url":"https:\/\/www.dekamerhiernaast.nl\/fr\/","name":"Page d'accueil - b&amp;b de Kamer hiernaast","isPartOf":{"@id":"https:\/\/www.dekamerhiernaast.nl\/fr\/#website"},"primaryImageOfPage":{"@id":"https:\/\/www.dekamerhiernaast.nl\/fr\/#primaryimage"},"image":{"@id":"https:\/\/www.dekamerhiernaast.nl\/fr\/#primaryimage"},"thumbnailUrl":"https:\/\/www.dekamerhiernaast.nl\/wp-content\/uploads\/elementor\/thumbs\/de_Kamer_hiernaast_sfeer_groot_07-qyp179yaa5kpsricd0r1idds4gc5jbh83mq24jx3ck.jpg","datePublished":"2021-10-21T10:32:05+00:00","dateModified":"2024-12-20T14:05:54+00:00","breadcrumb":{"@id":"https:\/\/www.dekamerhiernaast.nl\/fr\/#breadcrumb"},"inLanguage":"fr-FR","potentialAction":[{"@type":"ReadAction","target":["https:\/\/www.dekamerhiernaast.nl\/fr\/"]}]},{"@type":"ImageObject","inLanguage":"fr-FR","@id":"https:\/\/www.dekamerhiernaast.nl\/fr\/#primaryimage","url":"https:\/\/www.dekamerhiernaast.nl\/wp-content\/uploads\/elementor\/thumbs\/de_Kamer_hiernaast_sfeer_groot_07-qyp179yaa5kpsricd0r1idds4gc5jbh83mq24jx3ck.jpg","contentUrl":"https:\/\/www.dekamerhiernaast.nl\/wp-content\/uploads\/elementor\/thumbs\/de_Kamer_hiernaast_sfeer_groot_07-qyp179yaa5kpsricd0r1idds4gc5jbh83mq24jx3ck.jpg"},{"@type":"BreadcrumbList","@id":"https:\/\/www.dekamerhiernaast.nl\/fr\/#breadcrumb","itemListElement":[{"@type":"ListItem","position":1,"name":"Home","item":"https:\/\/www.dekamerhiernaast.nl\/fr\/page-daccueil\/"},{"@type":"ListItem","position":2,"name":"Page d&rsquo;accueil"}]},{"@type":"WebSite","@id":"https:\/\/www.dekamerhiernaast.nl\/fr\/#website","url":"https:\/\/www.dekamerhiernaast.nl\/fr\/","name":"b&amp;b de Kamer hiernaast","description":"Bed en Breakfast in Gouda","publisher":{"@id":"https:\/\/www.dekamerhiernaast.nl\/fr\/#organization"},"potentialAction":[{"@type":"SearchAction","target":{"@type":"EntryPoint","urlTemplate":"https:\/\/www.dekamerhiernaast.nl\/fr\/?s={search_term_string}"},"query-input":{"@type":"PropertyValueSpecification","valueRequired":true,"valueName":"search_term_string"}}],"inLanguage":"fr-FR"},{"@type":"Organization","@id":"https:\/\/www.dekamerhiernaast.nl\/fr\/#organization","name":"b&amp;b de Kamer hiernaast","url":"https:\/\/www.dekamerhiernaast.nl\/fr\/","logo":{"@type":"ImageObject","inLanguage":"fr-FR","@id":"https:\/\/www.dekamerhiernaast.nl\/fr\/#\/schema\/logo\/image\/","url":"https:\/\/www.dekamerhiernaast.nl\/wp-content\/uploads\/2021\/10\/LogoKamerHiernaast_2024_03.svg","contentUrl":"https:\/\/www.dekamerhiernaast.nl\/wp-content\/uploads\/2021\/10\/LogoKamerHiernaast_2024_03.svg","width":270,"height":74,"caption":"b&amp;b de Kamer hiernaast"},"image":{"@id":"https:\/\/www.dekamerhiernaast.nl\/fr\/#\/schema\/logo\/image\/"}}]}},"_links":{"self":[{"href":"https:\/\/www.dekamerhiernaast.nl\/fr\/wp-json\/wp\/v2\/pages\/545","targetHints":{"allow":["GET"]}}],"collection":[{"href":"https:\/\/www.dekamerhiernaast.nl\/fr\/wp-json\/wp\/v2\/pages"}],"about":[{"href":"https:\/\/www.dekamerhiernaast.nl\/fr\/wp-json\/wp\/v2\/types\/page"}],"author":[{"embeddable":true,"href":"https:\/\/www.dekamerhiernaast.nl\/fr\/wp-json\/wp\/v2\/users\/3635"}],"replies":[{"embeddable":true,"href":"https:\/\/www.dekamerhiernaast.nl\/fr\/wp-json\/wp\/v2\/comments?post=545"}],"version-history":[{"count":5,"href":"https:\/\/www.dekamerhiernaast.nl\/fr\/wp-json\/wp\/v2\/pages\/545\/revisions"}],"predecessor-version":[{"id":1483,"href":"https:\/\/www.dekamerhiernaast.nl\/fr\/wp-json\/wp\/v2\/pages\/545\/revisions\/1483"}],"wp:attachment":[{"href":"https:\/\/www.dekamerhiernaast.nl\/fr\/wp-json\/wp\/v2\/media?parent=545"}],"curies":[{"name":"wp","href":"https:\/\/api.w.org\/{rel}","templated":true}]}}